{"id":4605,"date":"2023-11-08T09:52:01","date_gmt":"2023-11-08T09:52:01","guid":{"rendered":"https:\/\/cutemoments.eu\/?post_type=product&#038;p=4605"},"modified":"2025-12-07T00:05:10","modified_gmt":"2025-12-07T00:05:10","slug":"spiel-kissengesprache","status":"publish","type":"product","link":"https:\/\/cutemoments.eu\/de\/veikals\/spiel-kissengesprache\/","title":{"rendered":"Spiel &#8222;Kissengespr\u00e4che&#8220;"},"content":{"rendered":"","protected":false},"excerpt":{"rendered":"<div>\n<p style=\"text-align: left;\">\u201eKissen Gespr\u00e4che\u201c ist <strong>das einzige Fragespiel mit versteckten Fragen<\/strong>, die nur mit einer UV-Taschenlampe sichtbar werden.<br \/>\nEs verwandelt kurze Antworten in herzliche Gespr\u00e4che und st\u00e4rkt die Verbindung zwischen Eltern und Kindern \u2013 f\u00fcr magische Momente vor dem Einschlafen.<\/p>\n<\/div>\n<div>\n<p style=\"text-align: left;\"><strong>Im Set enthalten:<\/strong><br \/>\n\u2022 82 Gespr\u00e4chskarten mit verschiedenen Fragen<br \/>\n\u2022 UV-Taschenlampe zum Sichtbarmachen der Fragen<br \/>\n\u2022 USB-Ladeger\u00e4t zum bequemen Aufladen<\/p>\n<\/div>\n","protected":false},"featured_media":4723,"comment_status":"open","ping_status":"closed","template":"","meta":[],"product_brand":[],"product_cat":[86],"product_tag":[],"class_list":{"0":"post-4605","1":"product","2":"type-product","3":"status-publish","4":"has-post-thumbnail","6":"product_cat-spiele","8":"first","9":"instock","10":"taxable","11":"shipping-taxable","12":"purchasable","13":"product-type-simple"},"yoast_head":"<!-- This site is optimized with the Yoast SEO plugin v25.5 - https:\/\/yoast.com\/wordpress\/plugins\/seo\/ -->\n<title>Spiel &quot;Kissengespr\u00e4che&quot; -<\/title>\n<meta name=\"description\" content=\"\u201eKissengespr\u00e4che\u201c ist ein interaktives Gespr\u00e4chsspiel, das Offenheit und Vertrauen zwischen Kindern und Eltern f\u00f6rdern soll. Die im Spiel enthaltenen Gespr\u00e4chskarten helfen Kindern, ihre Gef\u00fchle, W\u00fcnsche und Gedanken zu verstehen und auszudr\u00fccken. Es ist eine gro\u00dfartige Gelegenheit, eine sch\u00f6ne Zeit miteinander zu verbringen und den Kindern das Gef\u00fchl zu geben, geh\u00f6rt und verstanden zu werden.\" \/>\n<meta name=\"robots\" content=\"index, follow, max-snippet:-1, max-image-preview:large, max-video-preview:-1\" \/>\n<link rel=\"canonical\" href=\"https:\/\/cutemoments.eu\/de\/veikals\/spiel-kissengesprache\/\" \/>\n<meta property=\"og:locale\" content=\"de_DE\" \/>\n<meta property=\"og:type\" content=\"article\" \/>\n<meta property=\"og:title\" content=\"Spiel &quot;Kissengespr\u00e4che&quot; -\" \/>\n<meta property=\"og:description\" content=\"\u201eKissengespr\u00e4che\u201c ist ein interaktives Gespr\u00e4chsspiel, das Offenheit und Vertrauen zwischen Kindern und Eltern f\u00f6rdern soll. Die im Spiel enthaltenen Gespr\u00e4chskarten helfen Kindern, ihre Gef\u00fchle, W\u00fcnsche und Gedanken zu verstehen und auszudr\u00fccken. Es ist eine gro\u00dfartige Gelegenheit, eine sch\u00f6ne Zeit miteinander zu verbringen und den Kindern das Gef\u00fchl zu geben, geh\u00f6rt und verstanden zu werden.\" \/>\n<meta property=\"og:url\" content=\"https:\/\/cutemoments.eu\/de\/veikals\/spiel-kissengesprache\/\" \/>\n<meta property=\"article:modified_time\" content=\"2025-12-07T00:05:10+00:00\" \/>\n<meta property=\"og:image\" content=\"https:\/\/cutemoments.eu\/wp-content\/uploads\/2023\/11\/KIssen-gesprache-gesprachsspiel.jpg\" \/>\n\t<meta property=\"og:image:width\" content=\"1077\" \/>\n\t<meta property=\"og:image:height\" content=\"900\" \/>\n\t<meta property=\"og:image:type\" content=\"image\/jpeg\" \/>\n<meta name=\"twitter:card\" content=\"summary_large_image\" \/>\n<meta name=\"twitter:label1\" content=\"Gesch\u00e4tzte Lesezeit\" \/>\n\t<meta name=\"twitter:data1\" content=\"1\u00a0Minute\" \/>\n<script type=\"application\/ld+json\" class=\"yoast-schema-graph\">{\"@context\":\"https:\/\/schema.org\",\"@graph\":[{\"@type\":\"WebPage\",\"@id\":\"https:\/\/cutemoments.eu\/de\/veikals\/spiel-kissengesprache\/\",\"url\":\"https:\/\/cutemoments.eu\/de\/veikals\/spiel-kissengesprache\/\",\"name\":\"Spiel \\\"Kissengespr\u00e4che\\\" -\",\"isPartOf\":{\"@id\":\"https:\/\/cutemoments.eu\/de\/#website\"},\"primaryImageOfPage\":{\"@id\":\"https:\/\/cutemoments.eu\/de\/veikals\/spiel-kissengesprache\/#primaryimage\"},\"image\":{\"@id\":\"https:\/\/cutemoments.eu\/de\/veikals\/spiel-kissengesprache\/#primaryimage\"},\"thumbnailUrl\":\"https:\/\/cutemoments.eu\/wp-content\/uploads\/2023\/11\/KIssen-gesprache-gesprachsspiel.jpg\",\"datePublished\":\"2023-11-08T09:52:01+00:00\",\"dateModified\":\"2025-12-07T00:05:10+00:00\",\"description\":\"\u201eKissengespr\u00e4che\u201c ist ein interaktives Gespr\u00e4chsspiel, das Offenheit und Vertrauen zwischen Kindern und Eltern f\u00f6rdern soll. Die im Spiel enthaltenen Gespr\u00e4chskarten helfen Kindern, ihre Gef\u00fchle, W\u00fcnsche und Gedanken zu verstehen und auszudr\u00fccken. Es ist eine gro\u00dfartige Gelegenheit, eine sch\u00f6ne Zeit miteinander zu verbringen und den Kindern das Gef\u00fchl zu geben, geh\u00f6rt und verstanden zu werden.\",\"breadcrumb\":{\"@id\":\"https:\/\/cutemoments.eu\/de\/veikals\/spiel-kissengesprache\/#breadcrumb\"},\"inLanguage\":\"de\",\"potentialAction\":[{\"@type\":\"ReadAction\",\"target\":[\"https:\/\/cutemoments.eu\/de\/veikals\/spiel-kissengesprache\/\"]}]},{\"@type\":\"ImageObject\",\"inLanguage\":\"de\",\"@id\":\"https:\/\/cutemoments.eu\/de\/veikals\/spiel-kissengesprache\/#primaryimage\",\"url\":\"https:\/\/cutemoments.eu\/wp-content\/uploads\/2023\/11\/KIssen-gesprache-gesprachsspiel.jpg\",\"contentUrl\":\"https:\/\/cutemoments.eu\/wp-content\/uploads\/2023\/11\/KIssen-gesprache-gesprachsspiel.jpg\",\"width\":1077,\"height\":900},{\"@type\":\"BreadcrumbList\",\"@id\":\"https:\/\/cutemoments.eu\/de\/veikals\/spiel-kissengesprache\/#breadcrumb\",\"itemListElement\":[{\"@type\":\"ListItem\",\"position\":1,\"name\":\"Home\",\"item\":\"https:\/\/cutemoments.eu\/de\/\"},{\"@type\":\"ListItem\",\"position\":2,\"name\":\"Veikals\",\"item\":\"https:\/\/cutemoments.eu\/veikals\/\"},{\"@type\":\"ListItem\",\"position\":3,\"name\":\"Spiel &#8220;Kissengespr\u00e4che&#8221;\"}]},{\"@type\":\"WebSite\",\"@id\":\"https:\/\/cutemoments.eu\/de\/#website\",\"url\":\"https:\/\/cutemoments.eu\/de\/\",\"name\":\"\",\"description\":\"Spilvenu Sarunas\",\"potentialAction\":[{\"@type\":\"SearchAction\",\"target\":{\"@type\":\"EntryPoint\",\"urlTemplate\":\"https:\/\/cutemoments.eu\/de\/?s={search_term_string}\"},\"query-input\":{\"@type\":\"PropertyValueSpecification\",\"valueRequired\":true,\"valueName\":\"search_term_string\"}}],\"inLanguage\":\"de\"}]}<\/script>\n<!-- \/ Yoast SEO plugin. -->","yoast_head_json":{"title":"Spiel \"Kissengespr\u00e4che\" -","description":"\u201eKissengespr\u00e4che\u201c ist ein interaktives Gespr\u00e4chsspiel, das Offenheit und Vertrauen zwischen Kindern und Eltern f\u00f6rdern soll. Die im Spiel enthaltenen Gespr\u00e4chskarten helfen Kindern, ihre Gef\u00fchle, W\u00fcnsche und Gedanken zu verstehen und auszudr\u00fccken. Es ist eine gro\u00dfartige Gelegenheit, eine sch\u00f6ne Zeit miteinander zu verbringen und den Kindern das Gef\u00fchl zu geben, geh\u00f6rt und verstanden zu werden.","robots":{"index":"index","follow":"follow","max-snippet":"max-snippet:-1","max-image-preview":"max-image-preview:large","max-video-preview":"max-video-preview:-1"},"canonical":"https:\/\/cutemoments.eu\/de\/veikals\/spiel-kissengesprache\/","og_locale":"de_DE","og_type":"article","og_title":"Spiel \"Kissengespr\u00e4che\" -","og_description":"\u201eKissengespr\u00e4che\u201c ist ein interaktives Gespr\u00e4chsspiel, das Offenheit und Vertrauen zwischen Kindern und Eltern f\u00f6rdern soll. Die im Spiel enthaltenen Gespr\u00e4chskarten helfen Kindern, ihre Gef\u00fchle, W\u00fcnsche und Gedanken zu verstehen und auszudr\u00fccken. Es ist eine gro\u00dfartige Gelegenheit, eine sch\u00f6ne Zeit miteinander zu verbringen und den Kindern das Gef\u00fchl zu geben, geh\u00f6rt und verstanden zu werden.","og_url":"https:\/\/cutemoments.eu\/de\/veikals\/spiel-kissengesprache\/","article_modified_time":"2025-12-07T00:05:10+00:00","og_image":[{"width":1077,"height":900,"url":"https:\/\/cutemoments.eu\/wp-content\/uploads\/2023\/11\/KIssen-gesprache-gesprachsspiel.jpg","type":"image\/jpeg"}],"twitter_card":"summary_large_image","twitter_misc":{"Gesch\u00e4tzte Lesezeit":"1\u00a0Minute"},"schema":{"@context":"https:\/\/schema.org","@graph":[{"@type":"WebPage","@id":"https:\/\/cutemoments.eu\/de\/veikals\/spiel-kissengesprache\/","url":"https:\/\/cutemoments.eu\/de\/veikals\/spiel-kissengesprache\/","name":"Spiel \"Kissengespr\u00e4che\" -","isPartOf":{"@id":"https:\/\/cutemoments.eu\/de\/#website"},"primaryImageOfPage":{"@id":"https:\/\/cutemoments.eu\/de\/veikals\/spiel-kissengesprache\/#primaryimage"},"image":{"@id":"https:\/\/cutemoments.eu\/de\/veikals\/spiel-kissengesprache\/#primaryimage"},"thumbnailUrl":"https:\/\/cutemoments.eu\/wp-content\/uploads\/2023\/11\/KIssen-gesprache-gesprachsspiel.jpg","datePublished":"2023-11-08T09:52:01+00:00","dateModified":"2025-12-07T00:05:10+00:00","description":"\u201eKissengespr\u00e4che\u201c ist ein interaktives Gespr\u00e4chsspiel, das Offenheit und Vertrauen zwischen Kindern und Eltern f\u00f6rdern soll. Die im Spiel enthaltenen Gespr\u00e4chskarten helfen Kindern, ihre Gef\u00fchle, W\u00fcnsche und Gedanken zu verstehen und auszudr\u00fccken. Es ist eine gro\u00dfartige Gelegenheit, eine sch\u00f6ne Zeit miteinander zu verbringen und den Kindern das Gef\u00fchl zu geben, geh\u00f6rt und verstanden zu werden.","breadcrumb":{"@id":"https:\/\/cutemoments.eu\/de\/veikals\/spiel-kissengesprache\/#breadcrumb"},"inLanguage":"de","potentialAction":[{"@type":"ReadAction","target":["https:\/\/cutemoments.eu\/de\/veikals\/spiel-kissengesprache\/"]}]},{"@type":"ImageObject","inLanguage":"de","@id":"https:\/\/cutemoments.eu\/de\/veikals\/spiel-kissengesprache\/#primaryimage","url":"https:\/\/cutemoments.eu\/wp-content\/uploads\/2023\/11\/KIssen-gesprache-gesprachsspiel.jpg","contentUrl":"https:\/\/cutemoments.eu\/wp-content\/uploads\/2023\/11\/KIssen-gesprache-gesprachsspiel.jpg","width":1077,"height":900},{"@type":"BreadcrumbList","@id":"https:\/\/cutemoments.eu\/de\/veikals\/spiel-kissengesprache\/#breadcrumb","itemListElement":[{"@type":"ListItem","position":1,"name":"Home","item":"https:\/\/cutemoments.eu\/de\/"},{"@type":"ListItem","position":2,"name":"Veikals","item":"https:\/\/cutemoments.eu\/veikals\/"},{"@type":"ListItem","position":3,"name":"Spiel &#8220;Kissengespr\u00e4che&#8221;"}]},{"@type":"WebSite","@id":"https:\/\/cutemoments.eu\/de\/#website","url":"https:\/\/cutemoments.eu\/de\/","name":"","description":"Spilvenu Sarunas","potentialAction":[{"@type":"SearchAction","target":{"@type":"EntryPoint","urlTemplate":"https:\/\/cutemoments.eu\/de\/?s={search_term_string}"},"query-input":{"@type":"PropertyValueSpecification","valueRequired":true,"valueName":"search_term_string"}}],"inLanguage":"de"}]}},"_links":{"self":[{"href":"https:\/\/cutemoments.eu\/de\/wp-json\/wp\/v2\/product\/4605","targetHints":{"allow":["GET"]}}],"collection":[{"href":"https:\/\/cutemoments.eu\/de\/wp-json\/wp\/v2\/product"}],"about":[{"href":"https:\/\/cutemoments.eu\/de\/wp-json\/wp\/v2\/types\/product"}],"replies":[{"embeddable":true,"href":"https:\/\/cutemoments.eu\/de\/wp-json\/wp\/v2\/comments?post=4605"}],"wp:featuredmedia":[{"embeddable":true,"href":"https:\/\/cutemoments.eu\/de\/wp-json\/wp\/v2\/media\/4723"}],"wp:attachment":[{"href":"https:\/\/cutemoments.eu\/de\/wp-json\/wp\/v2\/media?parent=4605"}],"wp:term":[{"taxonomy":"product_brand","embeddable":true,"href":"https:\/\/cutemoments.eu\/de\/wp-json\/wp\/v2\/product_brand?post=4605"},{"taxonomy":"product_cat","embeddable":true,"href":"https:\/\/cutemoments.eu\/de\/wp-json\/wp\/v2\/product_cat?post=4605"},{"taxonomy":"product_tag","embeddable":true,"href":"https:\/\/cutemoments.eu\/de\/wp-json\/wp\/v2\/product_tag?post=4605"}],"curies":[{"name":"wp","href":"https:\/\/api.w.org\/{rel}","templated":true}]}}