{"id":4679,"date":"2024-08-23T11:51:56","date_gmt":"2024-08-23T11:51:56","guid":{"rendered":"https:\/\/cutemoments.eu\/datenschutzbestimmungen\/"},"modified":"2024-09-30T10:01:56","modified_gmt":"2024-09-30T10:01:56","slug":"datenschutzbestimmungen","status":"publish","type":"page","link":"https:\/\/cutemoments.eu\/de\/datenschutzbestimmungen\/","title":{"rendered":"Datenschutzbestimmungen"},"content":{"rendered":"\r\n<h2 class=\"wp-block-heading\">\u00a0<\/h2>\r\n<h3 style=\"text-align: center;\"><strong>DATENSCHUTZPOLITIK<\/strong><\/h3>\r\n<p>&nbsp;<\/p>\r\n<p>Diese Datenschutzrichtlinie gibt Auskunft dar\u00fcber, wie der Online-Shop Cutemoments <a href=\"http:\/\/cutemoments.eu\">http:\/\/cutemoments.eu<\/a> (&#8222;Online-Shop&#8220;) Daten von nat\u00fcrlichen Personen verarbeitet. Die Datenschutzrichtlinie gilt f\u00fcr Besucher, K\u00e4ufer und Teilnehmer an Marketingaktivit\u00e4ten des Online-Shops, d. h. der Website.<br \/>Personenbezogene Daten sind alle Informationen, die sich auf eine identifizierte oder identifizierbare nat\u00fcrliche Person beziehen, d. h. die betroffene Person. Verarbeitung bezeichnet jeden Vorgang, der sich auf personenbezogene Daten bezieht, wie z. B. das Erheben, Aufzeichnen, \u00c4ndern, Verwenden, Anzeigen, L\u00f6schen oder Vernichten dieser Daten.<\/p>\r\n<ol>\r\n<li><strong>Verantwortlicher und Kontaktangaben<\/strong><br \/>Verantwortlicher f\u00fcr die Verarbeitung der personenbezogenen Daten ist SIA Cutemoments, Registrierungsnummer: 40203465433, Sitz: Salnas iela 20-32, Riga, LV-1010 (\u201eCutemoments\u201c, \u201eWir\u201c).<br \/>Wenn Sie nach dem Lesen dieser Datenschutzrichtlinie Fragen haben oder eine Beschwerde einreichen oder Ihre Rechte als betroffene Person aus\u00fcben m\u00f6chten, kontaktieren Sie uns bitte per E-Mail: cutemoments@cutemoments.eu oder unter der Adresse: Salnas iela 20-32, Riga, LV-1010.<\/li>\r\n<li><strong>Von Cutemoments erfasste Informationen<\/strong><br \/>Cutemoments erhebt und verarbeitet die folgenden Informationen, die Ihre personenbezogenen Daten umfassen k\u00f6nnen:<\/li>\r\n<\/ol>\r\n<ul>\r\n<li><strong>Pers\u00f6nliche Informationen:<\/strong> Name, Vorname, E-Mail-Adresse, Telefonnummer und Liefer- oder Wohnadresse.<\/li>\r\n<li><strong>Zahlungsinformationen:<\/strong> Angaben zur Zahlungskarte, die der K\u00e4ufer f\u00fcr Transaktionen im Online-Shop verwendet, sowie Informationen, die bei der Nutzung anderer Zahlungsmethoden bereitgestellt werden.<\/li>\r\n<li><strong>Technische Daten:<\/strong> IP-Adresse, Browsertyp, Betriebssystem und Ger\u00e4teinformationen.<\/li>\r\n<li><strong>Nutzungsdaten:<\/strong> Informationen dar\u00fcber, wie Sie unsere Website, Produkte und Dienstleistungen nutzen.<\/li>\r\n<li><strong>Inhalt:<\/strong> Alle anderen Informationen, die Sie uns freiwillig \u00fcber verf\u00fcgbare Kommunikationskan\u00e4le mitteilen, z. B. eine Nachricht an die Cutemoments-E-Mail-Adresse oder \u00fcber soziale Netzwerke (Instagram, Facebook).<\/li>\r\n<\/ul>\r\n<p><strong>3. Zwecke der Datenverarbeitung durch Cutemoments<\/strong><br \/>Cutemoments verwendet die erhobenen personenbezogenen Daten ausschlie\u00dflich f\u00fcr folgende Zwecke:<\/p>\r\n<ul>\r\n<li><strong>Transaktionsabwicklung:<\/strong> Zum Empfang, Bearbeiten und Ausf\u00fchren Ihrer im Online-Shop get\u00e4tigten Bestellungen.<\/li>\r\n<li><strong>Serviceverbesserung:<\/strong> Zur Personalisierung Ihres Einkaufserlebnisses und zur Verbesserung des Cutemoments-Online-Shops und seiner Benutzerfreundlichkeit.<\/li>\r\n<li><strong>Kommunikation:<\/strong> Um Ihnen Bestellbest\u00e4tigungen, Updates und Werbeangebote (sofern Sie diesen zugestimmt haben) zu senden oder um Sie anderweitig bez\u00fcglich Ihrer Eink\u00e4ufe im Online-Shop zu kontaktieren.<\/li>\r\n<li><strong>Kundensupport:<\/strong> Zur Beantwortung Ihrer Anfragen und zur L\u00f6sung von Problemen, die w\u00e4hrend des Einkaufsprozesses auftreten k\u00f6nnen.<\/li>\r\n<li><strong>Gesetzliche Verpflichtungen:<\/strong> Zur Erf\u00fcllung unserer vertraglichen und rechtlichen Pflichten und Rechte.<\/li>\r\n<\/ul>\r\n<p><strong>4. Rechtsgrundlage f\u00fcr die Verarbeitung personenbezogener Daten durch Cutemoments<\/strong><br \/>Cutemoments verarbeitet Ihre personenbezogenen Daten nur in \u00dcbereinstimmung mit den geltenden Gesetzen und nur, wenn eine rechtliche Grundlage daf\u00fcr besteht.<br \/>Die Rechtsgrundlage variiert je nach Zweck der Verarbeitung und Art der Daten. Dar\u00fcber hinaus k\u00f6nnen dieselben Daten auf mehreren rechtlichen Grundlagen verarbeitet werden.<br \/>Die Rechtsgrundlage f\u00fcr die Datenverarbeitung kann Folgendes umfassen:<\/p>\r\n<ul>\r\n<li><strong>Einwilligung:<\/strong> Wenn Sie der Verarbeitung Ihrer Daten f\u00fcr bestimmte Zwecke zugestimmt haben, z. B. dem Erhalt von Marketingmitteilungen oder wenn Sie uns freiwillig Informationen bereitstellen, die nicht erforderlich sind, z. B. wenn Sie uns per E-Mail oder \u00fcber soziale Netzwerke (Instagram, Facebook) kontaktieren.<\/li>\r\n<li><strong>Vertrag:<\/strong> Wenn die Verarbeitung zur Erf\u00fcllung eines Kaufvertrags erforderlich ist, z. B. zur Bearbeitung Ihrer Bestellungen, Lieferung und damit verbundener Kommunikation.<\/li>\r\n<li><strong>Berechtigte Interessen:<\/strong> Wenn die Verarbeitung f\u00fcr unsere berechtigten gesch\u00e4ftlichen Interessen erforderlich ist, sofern diese Interessen nicht durch Ihre Rechte und Interessen au\u00dfer Kraft gesetzt werden.<\/li>\r\n<li><strong>Gesetzliche Verpflichtungen:<\/strong> Wenn wir verpflichtet sind, gesetzliche oder beh\u00f6rdliche Vorschriften oder Entscheidungen einzuhalten.<\/li>\r\n<\/ul>\r\n<p><strong>5. Datenweitergabe an Dritte<\/strong><br \/>Cutemoments kann Ihre personenbezogenen Daten nur dann an Dritte weitergeben, wenn dies f\u00fcr die folgenden Zwecke erforderlich ist:<\/p>\r\n<ul>\r\n<li><strong>Dienstleister und Partner:<\/strong> An Dritte, die uns Dienstleistungen erbringen, die f\u00fcr unseren Gesch\u00e4ftsbetrieb erforderlich sind, einschlie\u00dflich der Erf\u00fcllung von Kaufvertr\u00e4gen, z. B. Produktlieferanten sowie Dienstleister f\u00fcr die Website-Entwicklung und den Kundenservice.<\/li>\r\n<li><strong>Beh\u00f6rden:<\/strong> Wenn dies gesetzlich vorgeschrieben ist oder von Regierungsbeh\u00f6rden verlangt wird, sowie auf eigene Initiative von Cutemoments, um unsere Rechte, Sicherheit oder Eigentum zu sch\u00fctzen.<\/li>\r\n<\/ul>\r\n<p><strong>6. Datensicherheit<\/strong><br \/>Alle personenbezogenen Daten, die Cutemoments im Rahmen des Besuchs und Einkaufs im Online-Shop erh\u00e4lt, werden als vertrauliche Informationen behandelt. Ein verschl\u00fcsselter Datenkommunikationskanal mit Banken und Zahlungsinstituten gew\u00e4hrleistet die Sicherheit der pers\u00f6nlichen Daten und Bankdaten des K\u00e4ufers.<\/p>\r\n<p><strong>7. Dauer der Datenverarbeitung<\/strong><br \/>Cutemoments verarbeitet Ihre personenbezogenen Daten, solange einer der oben genannten rechtlichen Gr\u00fcnde f\u00fcr die Verarbeitung personenbezogener Daten besteht. Sobald dieser Grund nicht mehr besteht, l\u00f6schen wir Ihre Daten.<\/p>\r\n<p><strong>8. Ihre Rechte<\/strong><br \/>Sie haben in Bezug auf Ihre personenbezogenen Daten die folgenden Rechte:<\/p>\r\n<ul>\r\n<li><strong>Auskunftsrecht:<\/strong> Sie k\u00f6nnen eine Kopie der personenbezogenen Informationen anfordern, die Cutemoments \u00fcber Sie gespeichert hat.<\/li>\r\n<li><strong>Recht auf Berichtigung:<\/strong> Sie k\u00f6nnen die Berichtigung unrichtiger oder unvollst\u00e4ndiger Informationen verlangen.<\/li>\r\n<li><strong>Recht auf L\u00f6schung:<\/strong> Sie k\u00f6nnen die L\u00f6schung Ihrer personenbezogenen Informationen unter bestimmten Bedingungen verlangen.<\/li>\r\n<li><strong>Recht auf Einschr\u00e4nkung der Verarbeitung:<\/strong> Sie k\u00f6nnen die Einschr\u00e4nkung der Datenverarbeitung unter bestimmten Umst\u00e4nden verlangen.<\/li>\r\n<li><strong>Recht auf Daten\u00fcbertragbarkeit:<\/strong> Sie k\u00f6nnen verlangen, dass Ihre Daten in einem strukturierten, g\u00e4ngigen Format \u00fcbermittelt werden.<\/li>\r\n<li><strong>Widerspruchsrecht:<\/strong> Sie k\u00f6nnen der Verarbeitung Ihrer Daten auf der Grundlage berechtigter Interessen oder f\u00fcr Direktmarketingzwecke widersprechen.<br \/>Wenn Sie der Ansicht sind, dass Cutemoments Ihre personenbezogenen Daten unrechtm\u00e4\u00dfig verarbeitet hat, haben Sie das Recht, eine Beschwerde einzureichen, indem Sie die oben angegebenen Kontaktdaten verwenden oder die zust\u00e4ndige nationale Datenschutzbeh\u00f6rde kontaktieren.<br \/>Bitte beachten Sie, dass in einigen F\u00e4llen die Angabe Ihrer personenbezogenen Daten an Cutemoments eine Voraussetzung daf\u00fcr ist, dass wir Ihre Bestellung erf\u00fcllen k\u00f6nnen.<\/li>\r\n<\/ul>\r\n<p><strong>9. Cookies und Tracking-Technologien<\/strong><br \/>Wir verwenden Cookies und \u00e4hnliche Tracking-Technologien, um Ihr Erlebnis in unserem Online-Shop zu verbessern. Sie k\u00f6nnen Ihre Cookie-Einstellungen \u00fcber die Einstellungen Ihres Browsers verwalten. Wenn Cookies im von Ihnen verwendeten Webbrowser deaktiviert sind, sind m\u00f6glicherweise einige Funktionen unserer Website nicht vollst\u00e4ndig verf\u00fcgbar.<br \/>Wir verwenden Cookies f\u00fcr die folgenden Zwecke:<\/p>\r\n<ul>\r\n<li><strong>Gew\u00e4hrleistung der Funktionalit\u00e4t des Online-Shops:<\/strong> Einige Cookies sind f\u00fcr den Betrieb unserer Website unerl\u00e4sslich.<\/li>\r\n<li><strong>Verbesserung des Benutzererlebnisses:<\/strong> Cookies helfen uns, Ihre Pr\u00e4ferenzen zu speichern und die Website an Ihre Bed\u00fcrfnisse anzupassen.<\/li>\r\n<li><strong>Website-Leistungsanalyse:<\/strong> Wir verwenden analytische Cookies, um zu verstehen, wie Besucher mit unserer Website interagieren, und helfen uns so, unsere Dienstleistungen zu verbessern.<\/li>\r\n<\/ul>\r\n<p><strong>10. \u00c4nderungen der Datenschutzrichtlinie<\/strong><br \/>Durch die Nutzung unserer Website best\u00e4tigen Sie, dass Sie diese Bedingungen gelesen und ihnen zugestimmt haben. Wir behalten uns das Recht vor, die Datenschutzrichtlinie bei Bedarf zu \u00e4ndern. Solche \u00c4nderungen treten in Kraft und gelten ab dem Zeitpunkt, an dem sie auf dieser Seite hochgeladen werden.<\/p>\r\n<p>&nbsp;<\/p>\r\n","protected":false},"excerpt":{"rendered":"<p>\u00a0 DATENSCHUTZPOLITIK &nbsp; Diese Datenschutzrichtlinie gibt Auskunft dar\u00fcber, wie der Online-Shop Cutemoments http:\/\/cutemoments.eu (&#8222;Online-Shop&#8220;) Daten von nat\u00fcrlichen Personen verarbeitet. Die Datenschutzrichtlinie gilt f\u00fcr Besucher, K\u00e4ufer und Teilnehmer an Marketingaktivit\u00e4ten des Online-Shops, d. h. der Website.Personenbezogene Daten sind alle Informationen, die sich auf eine identifizierte oder identifizierbare nat\u00fcrliche Person beziehen, d. h. die betroffene Person. Verarbeitung&#8230;<\/p>\n","protected":false},"author":1,"featured_media":0,"parent":0,"menu_order":0,"comment_status":"closed","ping_status":"closed","template":"","meta":{"footnotes":""},"class_list":["post-4679","page","type-page","status-publish","hentry"],"yoast_head":"<!-- This site is optimized with the Yoast SEO plugin v25.5 - https:\/\/yoast.com\/wordpress\/plugins\/seo\/ -->\n<title>Datenschutzbestimmungen -<\/title>\n<meta name=\"robots\" content=\"index, follow, max-snippet:-1, max-image-preview:large, max-video-preview:-1\" \/>\n<link rel=\"canonical\" href=\"https:\/\/cutemoments.eu\/de\/datenschutzbestimmungen\/\" \/>\n<meta property=\"og:locale\" content=\"de_DE\" \/>\n<meta property=\"og:type\" content=\"article\" \/>\n<meta property=\"og:title\" content=\"Datenschutzbestimmungen -\" \/>\n<meta property=\"og:description\" content=\"\u00a0 DATENSCHUTZPOLITIK &nbsp; Diese Datenschutzrichtlinie gibt Auskunft dar\u00fcber, wie der Online-Shop Cutemoments http:\/\/cutemoments.eu (&#8222;Online-Shop&#8220;) Daten von nat\u00fcrlichen Personen verarbeitet. Die Datenschutzrichtlinie gilt f\u00fcr Besucher, K\u00e4ufer und Teilnehmer an Marketingaktivit\u00e4ten des Online-Shops, d. h. der Website.Personenbezogene Daten sind alle Informationen, die sich auf eine identifizierte oder identifizierbare nat\u00fcrliche Person beziehen, d. h. die betroffene Person. Verarbeitung...\" \/>\n<meta property=\"og:url\" content=\"https:\/\/cutemoments.eu\/de\/datenschutzbestimmungen\/\" \/>\n<meta property=\"article:modified_time\" content=\"2024-09-30T10:01:56+00:00\" \/>\n<meta name=\"twitter:card\" content=\"summary_large_image\" \/>\n<meta name=\"twitter:label1\" content=\"Gesch\u00e4tzte Lesezeit\" \/>\n\t<meta name=\"twitter:data1\" content=\"6\u00a0Minuten\" \/>\n<script type=\"application\/ld+json\" class=\"yoast-schema-graph\">{\"@context\":\"https:\/\/schema.org\",\"@graph\":[{\"@type\":\"WebPage\",\"@id\":\"https:\/\/cutemoments.eu\/de\/datenschutzbestimmungen\/\",\"url\":\"https:\/\/cutemoments.eu\/de\/datenschutzbestimmungen\/\",\"name\":\"Datenschutzbestimmungen -\",\"isPartOf\":{\"@id\":\"https:\/\/cutemoments.eu\/de\/#website\"},\"datePublished\":\"2024-08-23T11:51:56+00:00\",\"dateModified\":\"2024-09-30T10:01:56+00:00\",\"breadcrumb\":{\"@id\":\"https:\/\/cutemoments.eu\/de\/datenschutzbestimmungen\/#breadcrumb\"},\"inLanguage\":\"de\",\"potentialAction\":[{\"@type\":\"ReadAction\",\"target\":[\"https:\/\/cutemoments.eu\/de\/datenschutzbestimmungen\/\"]}]},{\"@type\":\"BreadcrumbList\",\"@id\":\"https:\/\/cutemoments.eu\/de\/datenschutzbestimmungen\/#breadcrumb\",\"itemListElement\":[{\"@type\":\"ListItem\",\"position\":1,\"name\":\"Home\",\"item\":\"https:\/\/cutemoments.eu\/de\/\"},{\"@type\":\"ListItem\",\"position\":2,\"name\":\"Datenschutzbestimmungen\"}]},{\"@type\":\"WebSite\",\"@id\":\"https:\/\/cutemoments.eu\/de\/#website\",\"url\":\"https:\/\/cutemoments.eu\/de\/\",\"name\":\"\",\"description\":\"Spilvenu Sarunas\",\"potentialAction\":[{\"@type\":\"SearchAction\",\"target\":{\"@type\":\"EntryPoint\",\"urlTemplate\":\"https:\/\/cutemoments.eu\/de\/?s={search_term_string}\"},\"query-input\":{\"@type\":\"PropertyValueSpecification\",\"valueRequired\":true,\"valueName\":\"search_term_string\"}}],\"inLanguage\":\"de\"}]}<\/script>\n<!-- \/ Yoast SEO plugin. -->","yoast_head_json":{"title":"Datenschutzbestimmungen -","robots":{"index":"index","follow":"follow","max-snippet":"max-snippet:-1","max-image-preview":"max-image-preview:large","max-video-preview":"max-video-preview:-1"},"canonical":"https:\/\/cutemoments.eu\/de\/datenschutzbestimmungen\/","og_locale":"de_DE","og_type":"article","og_title":"Datenschutzbestimmungen -","og_description":"\u00a0 DATENSCHUTZPOLITIK &nbsp; Diese Datenschutzrichtlinie gibt Auskunft dar\u00fcber, wie der Online-Shop Cutemoments http:\/\/cutemoments.eu (&#8222;Online-Shop&#8220;) Daten von nat\u00fcrlichen Personen verarbeitet. Die Datenschutzrichtlinie gilt f\u00fcr Besucher, K\u00e4ufer und Teilnehmer an Marketingaktivit\u00e4ten des Online-Shops, d. h. der Website.Personenbezogene Daten sind alle Informationen, die sich auf eine identifizierte oder identifizierbare nat\u00fcrliche Person beziehen, d. h. die betroffene Person. Verarbeitung...","og_url":"https:\/\/cutemoments.eu\/de\/datenschutzbestimmungen\/","article_modified_time":"2024-09-30T10:01:56+00:00","twitter_card":"summary_large_image","twitter_misc":{"Gesch\u00e4tzte Lesezeit":"6\u00a0Minuten"},"schema":{"@context":"https:\/\/schema.org","@graph":[{"@type":"WebPage","@id":"https:\/\/cutemoments.eu\/de\/datenschutzbestimmungen\/","url":"https:\/\/cutemoments.eu\/de\/datenschutzbestimmungen\/","name":"Datenschutzbestimmungen -","isPartOf":{"@id":"https:\/\/cutemoments.eu\/de\/#website"},"datePublished":"2024-08-23T11:51:56+00:00","dateModified":"2024-09-30T10:01:56+00:00","breadcrumb":{"@id":"https:\/\/cutemoments.eu\/de\/datenschutzbestimmungen\/#breadcrumb"},"inLanguage":"de","potentialAction":[{"@type":"ReadAction","target":["https:\/\/cutemoments.eu\/de\/datenschutzbestimmungen\/"]}]},{"@type":"BreadcrumbList","@id":"https:\/\/cutemoments.eu\/de\/datenschutzbestimmungen\/#breadcrumb","itemListElement":[{"@type":"ListItem","position":1,"name":"Home","item":"https:\/\/cutemoments.eu\/de\/"},{"@type":"ListItem","position":2,"name":"Datenschutzbestimmungen"}]},{"@type":"WebSite","@id":"https:\/\/cutemoments.eu\/de\/#website","url":"https:\/\/cutemoments.eu\/de\/","name":"","description":"Spilvenu Sarunas","potentialAction":[{"@type":"SearchAction","target":{"@type":"EntryPoint","urlTemplate":"https:\/\/cutemoments.eu\/de\/?s={search_term_string}"},"query-input":{"@type":"PropertyValueSpecification","valueRequired":true,"valueName":"search_term_string"}}],"inLanguage":"de"}]}},"_links":{"self":[{"href":"https:\/\/cutemoments.eu\/de\/wp-json\/wp\/v2\/pages\/4679","targetHints":{"allow":["GET"]}}],"collection":[{"href":"https:\/\/cutemoments.eu\/de\/wp-json\/wp\/v2\/pages"}],"about":[{"href":"https:\/\/cutemoments.eu\/de\/wp-json\/wp\/v2\/types\/page"}],"author":[{"embeddable":true,"href":"https:\/\/cutemoments.eu\/de\/wp-json\/wp\/v2\/users\/1"}],"replies":[{"embeddable":true,"href":"https:\/\/cutemoments.eu\/de\/wp-json\/wp\/v2\/comments?post=4679"}],"version-history":[{"count":7,"href":"https:\/\/cutemoments.eu\/de\/wp-json\/wp\/v2\/pages\/4679\/revisions"}],"predecessor-version":[{"id":4704,"href":"https:\/\/cutemoments.eu\/de\/wp-json\/wp\/v2\/pages\/4679\/revisions\/4704"}],"wp:attachment":[{"href":"https:\/\/cutemoments.eu\/de\/wp-json\/wp\/v2\/media?parent=4679"}],"curies":[{"name":"wp","href":"https:\/\/api.w.org\/{rel}","templated":true}]}}