{"id":4671,"date":"2024-06-04T09:21:45","date_gmt":"2024-06-04T09:21:45","guid":{"rendered":"https:\/\/cutemoments.eu\/lieferung-und-bezahlung\/"},"modified":"2024-09-30T08:46:32","modified_gmt":"2024-09-30T08:46:32","slug":"lieferung-und-bezahlung","status":"publish","type":"page","link":"https:\/\/cutemoments.eu\/de\/lieferung-und-bezahlung\/","title":{"rendered":"Lieferung und Bezahlung"},"content":{"rendered":"<p><section data-bb-version=\"4.7.2\" id=\"bt_bb_section69d64ed090a2c\"  class=\"bt_bb_section bt_bb_layout_boxed_1200 bt_bb_vertical_align_top bt_bb_top_spacing_large bt_bb_bottom_spacing_medium bt_bb_hidden_md bt_bb_hidden_lg bt_bb_hidden_xl bt_bb_section_with_bottom_coverage_image\"  data-bt-override-class=\"{&quot;bt_bb_top_spacing_&quot;:{&quot;current_class&quot;:&quot;bt_bb_top_spacing_large&quot;,&quot;def&quot;:&quot;large&quot;},&quot;bt_bb_bottom_spacing_&quot;:{&quot;current_class&quot;:&quot;bt_bb_bottom_spacing_medium&quot;,&quot;def&quot;:&quot;medium&quot;}}\"><div class=\"bt_bb_port\"><div class=\"bt_bb_cell\"><div class=\"bt_bb_cell_inner\"><div class=\"bt_bb_row  bt_bb_negative_margin_extralarge bt_bb_shape_inherit\"  data-bt-override-class=\"{}\"><div class=\"bt_bb_row_holder\" ><div  class=\"bt_bb_column col-xxl-12 col-xl-12 bt_bb_vertical_align_top bt_bb_align_left bt_bb_padding_normal bt_bb_animation_fade_in move_up animate bt_bb_shape_inherit\" style=\"; --column-width:12;\" data-width=\"12\" data-bt-override-class=\"{}\"><div class=\"bt_bb_column_content\"><div class=\"bt_bb_column_content_inner\"><div class=\"bt_bb_separator bt_bb_border_style_none bt_bb_bottom_spacing_large\" data-bt-override-class=\"null\"><\/div><header data-bb-version=\"4.9.1\" class=\"bt_bb_headline bt_bb_font_weight_light bt_bb_subheadline_text_transform_default bt_bb_color_scheme_5 bt_bb_dash_none bt_bb_size_extralarge bt_bb_align_inherit\" style=\";font-family:&#039;Josefin Sans&#039;; --primary-color:#191919; --secondary-color:#342cd4;\" data-bt-override-class=\"{&quot;bt_bb_size_&quot;:{&quot;current_class&quot;:&quot;bt_bb_size_extralarge&quot;,&quot;def&quot;:&quot;extralarge&quot;},&quot;bt_bb_align_&quot;:{&quot;current_class&quot;:&quot;bt_bb_align_inherit&quot;,&quot;def&quot;:&quot;inherit&quot;}}\"><h3 style=\"font-family:'Josefin Sans'\" class=\"bt_bb_headline_tag\"><span class=\"bt_bb_headline_content\"><span>LIEFERUNG UND BEZAHLUNG<\/span><\/span><\/h3><\/header><\/div><\/div><\/div><\/div><\/div><\/div><\/div><\/div><div class=\"bt_bb_section_bottom_section_coverage_image\"><img decoding=\"async\" src=\"https:\/\/cutemoments.eu\/wp-content\/uploads\/2019\/04\/Wave_White_bottom_left_shape_04.png\" alt=\"bt_bb_section_bottom_section_coverage_image\" \/><\/div><\/section><section data-bb-version=\"4.7.2\" id=\"bt_bb_section69d64ed0919b5\"  class=\"bt_bb_section bt_bb_layout_boxed_1200 bt_bb_vertical_align_top bt_bb_top_spacing_large bt_bb_bottom_spacing_small bt_bb_hidden_xs bt_bb_hidden_ms bt_bb_hidden_sm bt_bb_section_with_bottom_coverage_image\"  data-bt-override-class=\"{&quot;bt_bb_top_spacing_&quot;:{&quot;current_class&quot;:&quot;bt_bb_top_spacing_large&quot;,&quot;def&quot;:&quot;large&quot;},&quot;bt_bb_bottom_spacing_&quot;:{&quot;current_class&quot;:&quot;bt_bb_bottom_spacing_small&quot;,&quot;def&quot;:&quot;small&quot;}}\"><div class=\"bt_bb_port\"><div class=\"bt_bb_cell\"><div class=\"bt_bb_cell_inner\"><div class=\"bt_bb_row \"  data-bt-override-class=\"{}\"><div class=\"bt_bb_row_holder\" ><div  class=\"bt_bb_column col-xxl-8 col-xl-8 bt_bb_vertical_align_top bt_bb_align_left bt_bb_padding_normal bt_bb_animation_fade_in move_right animate bt_bb_shape_inherit\" style=\"; --column-width:8;\" data-width=\"8\" data-bt-override-class=\"{}\"><div class=\"bt_bb_column_content\"><div class=\"bt_bb_column_content_inner\"><div class=\"bt_bb_separator bt_bb_border_style_none bt_bb_bottom_spacing_normal bt_bb_hidden_xs bt_bb_hidden_ms\" data-bt-override-class=\"null\"><\/div><div data-bb-version=\"4.7.2\" class=\"bt_bb_separator bt_bb_border_style_none bt_bb_top_spacing_none bt_bb_bottom_spacing_large bt_bb_hidden_xs bt_bb_hidden_ms bt_bb_hidden_sm bt_bb_hidden_md bt_bb_hidden_lg bt_bb_hidden_xl\" data-bt-override-class=\"{&quot;bt_bb_top_spacing_&quot;:{&quot;current_class&quot;:&quot;bt_bb_top_spacing_none&quot;,&quot;def&quot;:&quot;none&quot;},&quot;bt_bb_bottom_spacing_&quot;:{&quot;current_class&quot;:&quot;bt_bb_bottom_spacing_large&quot;,&quot;def&quot;:&quot;large&quot;}}\"><\/div><\/div><\/div><\/div><div data-bb-version=\"4.7.2\"  class=\"bt_bb_column col-xxl-4 col-xl-4 bt_bb_vertical_align_top bt_bb_align_left bt_bb_padding_normal bt_bb_shape_inherit bt_bb_hidden_xs bt_bb_hidden_ms\" style=\"; --column-width:4;\" data-width=\"4\" data-bt-override-class=\"{&quot;bt_bb_align_&quot;:{&quot;current_class&quot;:&quot;bt_bb_align_left&quot;,&quot;def&quot;:&quot;left&quot;},&quot;bt_bb_padding_&quot;:{&quot;current_class&quot;:&quot;bt_bb_padding_normal&quot;,&quot;def&quot;:&quot;normal&quot;}}\"><div class=\"bt_bb_column_content\"><div class=\"bt_bb_column_content_inner\"><\/div><\/div><\/div><\/div><\/div><div data-bb-version=\"4.7.2\" class=\"bt_bb_row  bt_bb_negative_margin_extralarge bt_bb_shape_inherit bt_bb_hidden_xs bt_bb_hidden_ms\"  data-bt-override-class=\"{}\"><div class=\"bt_bb_row_holder\" ><div  class=\"bt_bb_column col-xxl-12 col-xl-12 bt_bb_vertical_align_top bt_bb_align_left bt_bb_padding_normal bt_bb_animation_fade_in move_up animate bt_bb_shape_inherit\" style=\"; --column-width:12;\" data-width=\"12\" data-bt-override-class=\"{}\"><div class=\"bt_bb_column_content\"><div class=\"bt_bb_column_content_inner\"><div class=\"bt_bb_separator bt_bb_border_style_none bt_bb_bottom_spacing_large\" data-bt-override-class=\"null\"><\/div><div class=\"bt_bb_separator bt_bb_border_style_none bt_bb_bottom_spacing_large\" data-bt-override-class=\"null\"><\/div><header data-bb-version=\"4.9.1\" class=\"bt_bb_headline bt_bb_font_weight_light bt_bb_subheadline_text_transform_default bt_bb_color_scheme_5 bt_bb_dash_none bt_bb_size_extralarge bt_bb_align_inherit\" style=\";font-family:&#039;Josefin Sans&#039;; --primary-color:#191919; --secondary-color:#342cd4;\" data-bt-override-class=\"{&quot;bt_bb_size_&quot;:{&quot;current_class&quot;:&quot;bt_bb_size_extralarge&quot;,&quot;def&quot;:&quot;extralarge&quot;},&quot;bt_bb_align_&quot;:{&quot;current_class&quot;:&quot;bt_bb_align_inherit&quot;,&quot;def&quot;:&quot;inherit&quot;}}\"><h3 style=\"font-family:'Josefin Sans'\" class=\"bt_bb_headline_tag\"><span class=\"bt_bb_headline_content\"><span>LIEFERUNG UND BEZAHLUNG<\/span><\/span><\/h3><\/header><\/div><\/div><\/div><\/div><\/div><\/div><\/div><\/div><div class=\"bt_bb_section_bottom_section_coverage_image\"><img decoding=\"async\" src=\"https:\/\/cutemoments.eu\/wp-content\/uploads\/2019\/04\/Wave_White_bottom_left_shape_04.png\" alt=\"bt_bb_section_bottom_section_coverage_image\" \/><\/div><\/section><section data-bb-version=\"4.7.2\" id=\"bt_bb_section69d64ed0925cd\"  class=\"bt_bb_section bt_bb_layout_boxed_1200 bt_bb_vertical_align_top bt_bb_top_spacing_none bt_bb_bottom_spacing_small bt_bb_section_with_bottom_coverage_image\"  data-bt-override-class=\"{&quot;bt_bb_top_spacing_&quot;:{&quot;current_class&quot;:&quot;bt_bb_top_spacing_none&quot;,&quot;def&quot;:&quot;none&quot;},&quot;bt_bb_bottom_spacing_&quot;:{&quot;current_class&quot;:&quot;bt_bb_bottom_spacing_small&quot;,&quot;def&quot;:&quot;small&quot;}}\"><div class=\"bt_bb_port\"><div class=\"bt_bb_cell\"><div class=\"bt_bb_cell_inner\"><div class=\"bt_bb_row  bt_bb_shape_inherit\"  data-bt-override-class=\"{}\"><div class=\"bt_bb_row_holder\" ><div data-bb-version=\"4.7.2\"  class=\"bt_bb_column col-xxl-8 col-xl-8 bt_bb_vertical_align_middle bt_bb_align_left bt_bb_padding_20 bt_bb_animation_fade_in animate bt_bb_shape_inherit\" style=\"; --column-width:8;\" data-width=\"8\" data-bt-override-class=\"{&quot;bt_bb_align_&quot;:{&quot;current_class&quot;:&quot;bt_bb_align_left&quot;,&quot;def&quot;:&quot;left&quot;},&quot;bt_bb_padding_&quot;:{&quot;current_class&quot;:&quot;bt_bb_padding_20&quot;,&quot;def&quot;:&quot;20&quot;}}\"><div class=\"bt_bb_column_content\"><div class=\"bt_bb_column_content_inner\"><div  class=\"bt_bb_text\" ><\/p>\n<p>Die Lieferung erfolgt per DPD-Paketfach oder Kurierdienst.<br \/>\nPreise f\u00fcr die Lieferung in europ\u00e4ische L\u00e4nder: 3-19 EUR.<br \/>\nDen genauen Preis k\u00f6nnen Sie ermitteln, indem Sie w\u00e4hrend des Bestellvorgangs die Adresse des Empf\u00e4ngers eingeben.<br \/>\nLieferzeit in Europa: 2-8 Arbeitstage<strong>.<\/strong><\/p>\n<p>\n<\/div><div data-bb-version=\"4.7.2\" class=\"bt_bb_separator bt_bb_border_style_none bt_bb_top_spacing_none bt_bb_bottom_spacing_normal bt_bb_hidden_xs bt_bb_hidden_ms bt_bb_hidden_sm\" data-bt-override-class=\"{&quot;bt_bb_top_spacing_&quot;:{&quot;current_class&quot;:&quot;bt_bb_top_spacing_none&quot;,&quot;def&quot;:&quot;none&quot;},&quot;bt_bb_bottom_spacing_&quot;:{&quot;current_class&quot;:&quot;bt_bb_bottom_spacing_normal&quot;,&quot;def&quot;:&quot;normal&quot;}}\"><\/div><div class=\"bt_bb_separator bt_bb_border_style_none bt_bb_bottom_spacing_large bt_bb_hidden_xs bt_bb_hidden_ms bt_bb_hidden_sm\" data-bt-override-class=\"null\"><\/div><\/div><\/div><\/div><div  class=\"bt_bb_column col-xxl-4 col-xl-4 bt_bb_vertical_align_middle bt_bb_align_left bt_bb_padding_80 bt_bb_animation_fade_in animate bt_bb_shape_inherit\" style=\"; --column-width:4;\" data-width=\"4\" data-bt-override-class=\"{}\"><div class=\"bt_bb_column_content\"><div class=\"bt_bb_column_content_inner\"><div class=\"bt_bb_separator bt_bb_border_style_none bt_bb_bottom_spacing_large\" data-bt-override-class=\"null\"><\/div><div class=\"bt_bb_separator bt_bb_border_style_none bt_bb_bottom_spacing_small\" data-bt-override-class=\"null\"><\/div><div  class=\"bt_bb_text\" ><\/div><div class=\"bt_bb_separator bt_bb_border_style_none bt_bb_bottom_spacing_small\" data-bt-override-class=\"null\"><\/div><div class=\"bt_bb_separator bt_bb_border_style_none bt_bb_bottom_spacing_medium bt_bb_hidden_xs bt_bb_hidden_ms bt_bb_hidden_sm\" data-bt-override-class=\"null\"><\/div><div class=\"bt_bb_separator bt_bb_border_style_none bt_bb_bottom_spacing_large\" data-bt-override-class=\"null\"><\/div><\/div><\/div><\/div><\/div><\/div><\/div><\/div><\/div><div class=\"bt_bb_section_bottom_section_coverage_image\"><img decoding=\"async\" src=\"https:\/\/cutemoments.eu\/wp-content\/uploads\/2023\/11\/bottom-light.png\" alt=\"bt_bb_section_bottom_section_coverage_image\" \/><\/div><\/section><\/p>\n","protected":false},"excerpt":{"rendered":"","protected":false},"author":1,"featured_media":0,"parent":0,"menu_order":0,"comment_status":"closed","ping_status":"closed","template":"","meta":{"footnotes":""},"class_list":["post-4671","page","type-page","status-publish","hentry"],"yoast_head":"<!-- This site is optimized with the Yoast SEO plugin v25.5 - https:\/\/yoast.com\/wordpress\/plugins\/seo\/ -->\n<title>Lieferung und Bezahlung -<\/title>\n<meta name=\"description\" content=\"Wir von Cutemoments kreieren Produkte, mit denen wir die wunderbare Magie eines jeden Augenblicks ausmalen m\u00f6chten. Von entwicklungsf\u00f6rdernden Spielen bis hin zu inspirierenden Accessoires.\" \/>\n<meta name=\"robots\" content=\"index, follow, max-snippet:-1, max-image-preview:large, max-video-preview:-1\" \/>\n<link rel=\"canonical\" href=\"https:\/\/cutemoments.eu\/de\/lieferung-und-bezahlung\/\" \/>\n<meta property=\"og:locale\" content=\"de_DE\" \/>\n<meta property=\"og:type\" content=\"article\" \/>\n<meta property=\"og:title\" content=\"Lieferung und Bezahlung -\" \/>\n<meta property=\"og:description\" content=\"Wir von Cutemoments kreieren Produkte, mit denen wir die wunderbare Magie eines jeden Augenblicks ausmalen m\u00f6chten. Von entwicklungsf\u00f6rdernden Spielen bis hin zu inspirierenden Accessoires.\" \/>\n<meta property=\"og:url\" content=\"https:\/\/cutemoments.eu\/de\/lieferung-und-bezahlung\/\" \/>\n<meta property=\"article:modified_time\" content=\"2024-09-30T08:46:32+00:00\" \/>\n<meta name=\"twitter:card\" content=\"summary_large_image\" \/>\n<meta name=\"twitter:label1\" content=\"Gesch\u00e4tzte Lesezeit\" \/>\n\t<meta name=\"twitter:data1\" content=\"2\u00a0Minuten\" \/>\n<script type=\"application\/ld+json\" class=\"yoast-schema-graph\">{\"@context\":\"https:\/\/schema.org\",\"@graph\":[{\"@type\":\"WebPage\",\"@id\":\"https:\/\/cutemoments.eu\/de\/lieferung-und-bezahlung\/\",\"url\":\"https:\/\/cutemoments.eu\/de\/lieferung-und-bezahlung\/\",\"name\":\"Lieferung und Bezahlung -\",\"isPartOf\":{\"@id\":\"https:\/\/cutemoments.eu\/de\/#website\"},\"datePublished\":\"2024-06-04T09:21:45+00:00\",\"dateModified\":\"2024-09-30T08:46:32+00:00\",\"description\":\"Wir von Cutemoments kreieren Produkte, mit denen wir die wunderbare Magie eines jeden Augenblicks ausmalen m\u00f6chten. Von entwicklungsf\u00f6rdernden Spielen bis hin zu inspirierenden Accessoires.\",\"breadcrumb\":{\"@id\":\"https:\/\/cutemoments.eu\/de\/lieferung-und-bezahlung\/#breadcrumb\"},\"inLanguage\":\"de\",\"potentialAction\":[{\"@type\":\"ReadAction\",\"target\":[\"https:\/\/cutemoments.eu\/de\/lieferung-und-bezahlung\/\"]}]},{\"@type\":\"BreadcrumbList\",\"@id\":\"https:\/\/cutemoments.eu\/de\/lieferung-und-bezahlung\/#breadcrumb\",\"itemListElement\":[{\"@type\":\"ListItem\",\"position\":1,\"name\":\"Home\",\"item\":\"https:\/\/cutemoments.eu\/de\/\"},{\"@type\":\"ListItem\",\"position\":2,\"name\":\"Lieferung und Bezahlung\"}]},{\"@type\":\"WebSite\",\"@id\":\"https:\/\/cutemoments.eu\/de\/#website\",\"url\":\"https:\/\/cutemoments.eu\/de\/\",\"name\":\"\",\"description\":\"Spilvenu Sarunas\",\"potentialAction\":[{\"@type\":\"SearchAction\",\"target\":{\"@type\":\"EntryPoint\",\"urlTemplate\":\"https:\/\/cutemoments.eu\/de\/?s={search_term_string}\"},\"query-input\":{\"@type\":\"PropertyValueSpecification\",\"valueRequired\":true,\"valueName\":\"search_term_string\"}}],\"inLanguage\":\"de\"}]}<\/script>\n<!-- \/ Yoast SEO plugin. -->","yoast_head_json":{"title":"Lieferung und Bezahlung -","description":"Wir von Cutemoments kreieren Produkte, mit denen wir die wunderbare Magie eines jeden Augenblicks ausmalen m\u00f6chten. Von entwicklungsf\u00f6rdernden Spielen bis hin zu inspirierenden Accessoires.","robots":{"index":"index","follow":"follow","max-snippet":"max-snippet:-1","max-image-preview":"max-image-preview:large","max-video-preview":"max-video-preview:-1"},"canonical":"https:\/\/cutemoments.eu\/de\/lieferung-und-bezahlung\/","og_locale":"de_DE","og_type":"article","og_title":"Lieferung und Bezahlung -","og_description":"Wir von Cutemoments kreieren Produkte, mit denen wir die wunderbare Magie eines jeden Augenblicks ausmalen m\u00f6chten. Von entwicklungsf\u00f6rdernden Spielen bis hin zu inspirierenden Accessoires.","og_url":"https:\/\/cutemoments.eu\/de\/lieferung-und-bezahlung\/","article_modified_time":"2024-09-30T08:46:32+00:00","twitter_card":"summary_large_image","twitter_misc":{"Gesch\u00e4tzte Lesezeit":"2\u00a0Minuten"},"schema":{"@context":"https:\/\/schema.org","@graph":[{"@type":"WebPage","@id":"https:\/\/cutemoments.eu\/de\/lieferung-und-bezahlung\/","url":"https:\/\/cutemoments.eu\/de\/lieferung-und-bezahlung\/","name":"Lieferung und Bezahlung -","isPartOf":{"@id":"https:\/\/cutemoments.eu\/de\/#website"},"datePublished":"2024-06-04T09:21:45+00:00","dateModified":"2024-09-30T08:46:32+00:00","description":"Wir von Cutemoments kreieren Produkte, mit denen wir die wunderbare Magie eines jeden Augenblicks ausmalen m\u00f6chten. Von entwicklungsf\u00f6rdernden Spielen bis hin zu inspirierenden Accessoires.","breadcrumb":{"@id":"https:\/\/cutemoments.eu\/de\/lieferung-und-bezahlung\/#breadcrumb"},"inLanguage":"de","potentialAction":[{"@type":"ReadAction","target":["https:\/\/cutemoments.eu\/de\/lieferung-und-bezahlung\/"]}]},{"@type":"BreadcrumbList","@id":"https:\/\/cutemoments.eu\/de\/lieferung-und-bezahlung\/#breadcrumb","itemListElement":[{"@type":"ListItem","position":1,"name":"Home","item":"https:\/\/cutemoments.eu\/de\/"},{"@type":"ListItem","position":2,"name":"Lieferung und Bezahlung"}]},{"@type":"WebSite","@id":"https:\/\/cutemoments.eu\/de\/#website","url":"https:\/\/cutemoments.eu\/de\/","name":"","description":"Spilvenu Sarunas","potentialAction":[{"@type":"SearchAction","target":{"@type":"EntryPoint","urlTemplate":"https:\/\/cutemoments.eu\/de\/?s={search_term_string}"},"query-input":{"@type":"PropertyValueSpecification","valueRequired":true,"valueName":"search_term_string"}}],"inLanguage":"de"}]}},"_links":{"self":[{"href":"https:\/\/cutemoments.eu\/de\/wp-json\/wp\/v2\/pages\/4671","targetHints":{"allow":["GET"]}}],"collection":[{"href":"https:\/\/cutemoments.eu\/de\/wp-json\/wp\/v2\/pages"}],"about":[{"href":"https:\/\/cutemoments.eu\/de\/wp-json\/wp\/v2\/types\/page"}],"author":[{"embeddable":true,"href":"https:\/\/cutemoments.eu\/de\/wp-json\/wp\/v2\/users\/1"}],"replies":[{"embeddable":true,"href":"https:\/\/cutemoments.eu\/de\/wp-json\/wp\/v2\/comments?post=4671"}],"version-history":[{"count":3,"href":"https:\/\/cutemoments.eu\/de\/wp-json\/wp\/v2\/pages\/4671\/revisions"}],"predecessor-version":[{"id":4674,"href":"https:\/\/cutemoments.eu\/de\/wp-json\/wp\/v2\/pages\/4671\/revisions\/4674"}],"wp:attachment":[{"href":"https:\/\/cutemoments.eu\/de\/wp-json\/wp\/v2\/media?parent=4671"}],"curies":[{"name":"wp","href":"https:\/\/api.w.org\/{rel}","templated":true}]}}