{"id":4452,"date":"2023-12-11T08:48:52","date_gmt":"2023-12-11T08:48:52","guid":{"rendered":"https:\/\/cutemoments.eu\/wo-kann-man-es-in-geschaeften-kaufen\/"},"modified":"2024-04-16T18:56:11","modified_gmt":"2024-04-16T18:56:11","slug":"wo-kann-man-es-in-geschaeften-kaufen","status":"publish","type":"page","link":"https:\/\/cutemoments.eu\/de\/wo-kann-man-es-in-geschaeften-kaufen\/","title":{"rendered":"Wo kann man es in Gesch\u00e4ften kaufen"},"content":{"rendered":"<p><section data-bb-version=\"4.7.2\" id=\"bt_bb_section69d45dfe5dd46\"  class=\"bt_bb_section bt_bb_layout_boxed_1200 bt_bb_vertical_align_top bt_bb_top_spacing_extra_large bt_bb_bottom_spacing_extra_large bt_bb_section_with_bottom_coverage_image\" style=\";background-color:rgb(240,228,244);\" data-bt-override-class=\"{&quot;bt_bb_top_spacing_&quot;:{&quot;current_class&quot;:&quot;bt_bb_top_spacing_extra_large&quot;,&quot;def&quot;:&quot;extra_large&quot;},&quot;bt_bb_bottom_spacing_&quot;:{&quot;current_class&quot;:&quot;bt_bb_bottom_spacing_extra_large&quot;,&quot;def&quot;:&quot;extra_large&quot;}}\"><div class=\"bt_bb_port\"><div class=\"bt_bb_cell\"><div class=\"bt_bb_cell_inner\"><div class=\"bt_bb_row  bt_bb_shape_inherit\"  data-bt-override-class=\"{}\"><div class=\"bt_bb_row_holder\" ><div  class=\"bt_bb_column col-xxl-12 col-xl-12 bt_bb_vertical_align_middle bt_bb_align_left bt_bb_padding_50 bt_bb_animation_fade_in animate bt_bb_shape_inherit\" style=\"; --column-width:12;\" data-width=\"12\" data-bt-override-class=\"{}\"><div class=\"bt_bb_column_content\"><div class=\"bt_bb_column_content_inner\"><header data-bb-version=\"4.7.2\" class=\"bt_bb_headline bt_bb_subheadline_text_transform_default bt_bb_dash_top_bottom bt_bb_superheadline bt_bb_size_extralarge bt_bb_align_inherit bt_bb_dash_color_scheme_4\" data-bt-override-class=\"{&quot;bt_bb_size_&quot;:{&quot;current_class&quot;:&quot;bt_bb_size_extralarge&quot;,&quot;def&quot;:&quot;extralarge&quot;},&quot;bt_bb_align_&quot;:{&quot;current_class&quot;:&quot;bt_bb_align_inherit&quot;,&quot;def&quot;:&quot;inherit&quot;}}\"><h1 class=\"bt_bb_headline_tag\"><span class=\"bt_bb_headline_superheadline\">KISSENGESPR\u00c4CHE<\/span><span class=\"bt_bb_headline_content\"><span>Auch in Gesch\u00e4ften erh\u00e4ltlich<\/span><\/span><\/h1><\/header><\/div><\/div><\/div><\/div><\/div><\/div><\/div><\/div><div class=\"bt_bb_section_bottom_section_coverage_image\"><img decoding=\"async\" src=\"https:\/\/cutemoments.eu\/wp-content\/uploads\/2019\/04\/Wave_White_bottom_right_shape_01.png\" alt=\"bt_bb_section_bottom_section_coverage_image\" \/><\/div><\/section><section id=\"bt_bb_section69d45dfe5e961\"  class=\"bt_bb_section bt_bb_layout_boxed_1200 bt_bb_vertical_align_top bt_bb_top_spacing_medium bt_bb_bottom_spacing_large\"  data-bt-override-class=\"null\"><div class=\"bt_bb_port\"><div class=\"bt_bb_cell\"><div class=\"bt_bb_cell_inner\"><div class=\"bt_bb_row \"  data-bt-override-class=\"{}\"><div class=\"bt_bb_row_holder\" ><div  class=\"bt_bb_column col-xxl-4 col-xl-4 col-xs-12 col-sm-12 col-md-12 col-lg-4 bt_bb_vertical_align_top bt_bb_align_left bt_bb_padding_normal bt_bb_shape_inherit\" style=\"; --column-width:4;\" data-width=\"4\" data-bt-override-class=\"{}\"><div class=\"bt_bb_column_content\"><div class=\"bt_bb_column_content_inner\"><div data-bb-version=\"4.7.2\" class=\"bt_bb_image bt_bb_shape_square bt_bb_align_inherit bt_bb_hover_style_simple bt_bb_content_display_always bt_bb_content_align_middle\" data-bt-override-class=\"{&quot;bt_bb_align_&quot;:{&quot;current_class&quot;:&quot;bt_bb_align_inherit&quot;,&quot;def&quot;:&quot;inherit&quot;}}\"><span><img src = \"https:\/\/cutemoments.eu\/wp-content\/plugins\/bold-page-builder\/img\/blank.gif\" data-image_src=\"https:\/\/cutemoments.eu\/wp-content\/uploads\/2023\/12\/manilla-logo-1.jpg\" title=\"manilla-logo-1\" alt=\"https:\/\/cutemoments.eu\/wp-content\/uploads\/2023\/12\/manilla-logo-1.jpg\" class=\"btLazyLoadImage\"><\/span><\/div><div data-bb-version=\"4.7.2\"  class=\"bt_bb_text\" ><\/p>\n<p style=\"text-align: left;\"><strong>MANILLA<\/strong><\/p>\n<p style=\"text-align: left;\">T\u0113rbatas iela 55, R\u012bga,<\/p>\n<p style=\"text-align: left;\">T. +371 22 009 101<\/p>\n<p>\n<\/div><div class=\"bt_bb_separator bt_bb_border_style_none bt_bb_bottom_spacing_medium\" data-bt-override-class=\"null\"><\/div><div data-bb-version=\"4.7.2\" class=\"bt_bb_image bt_bb_shape_square bt_bb_align_inherit bt_bb_hover_style_simple bt_bb_content_display_always bt_bb_content_align_middle\" data-bt-override-class=\"{&quot;bt_bb_align_&quot;:{&quot;current_class&quot;:&quot;bt_bb_align_inherit&quot;,&quot;def&quot;:&quot;inherit&quot;}}\"><a href=\"https:\/\/www.zvaigzne.lv\/lv\/veikali\/\"  target=\"_blank\" title=\"Zvaigzne_ABC\"><img src = \"https:\/\/cutemoments.eu\/wp-content\/plugins\/bold-page-builder\/img\/blank.gif\" data-image_src=\"https:\/\/cutemoments.eu\/wp-content\/uploads\/2024\/01\/Zvaigzne_ABC.jpg\" title=\"Zvaigzne_ABC\" alt=\"https:\/\/cutemoments.eu\/wp-content\/uploads\/2024\/01\/Zvaigzne_ABC.jpg\" class=\"btLazyLoadImage\"><\/a><\/div><div data-bb-version=\"4.7.2\"  class=\"bt_bb_text\" ><\/p>\n<p style=\"text-align: left;\"><a href=\"https:\/\/www.zvaigzne.lv\/lv\/veikali\/\" target=\"_blank\" rel=\"noopener\"><strong>ZVAIGZNE ABC<br \/>\n<\/strong><\/a><\/p>\n<p style=\"text-align: left;\"><a href=\"https:\/\/www.zvaigzne.lv\/lv\/veikali\/\" target=\"_blank\" rel=\"noopener\">In Gesch\u00e4ften in ganz Lettland<\/a><\/p>\n<p>\n<\/div><\/div><\/div><\/div><div  class=\"bt_bb_column col-xxl-4 col-xl-4 col-xs-12 col-sm-12 col-md-12 col-lg-4 bt_bb_vertical_align_top bt_bb_align_left bt_bb_padding_normal bt_bb_shape_inherit\" style=\"; --column-width:4;\" data-width=\"4\" data-bt-override-class=\"{}\"><div class=\"bt_bb_column_content\"><div class=\"bt_bb_column_content_inner\"><div data-bb-version=\"4.7.2\" class=\"bt_bb_image bt_bb_shape_square bt_bb_align_inherit bt_bb_hover_style_simple bt_bb_content_display_always bt_bb_content_align_middle\" data-bt-override-class=\"{&quot;bt_bb_align_&quot;:{&quot;current_class&quot;:&quot;bt_bb_align_inherit&quot;,&quot;def&quot;:&quot;inherit&quot;}}\"><span><img src = \"https:\/\/cutemoments.eu\/wp-content\/plugins\/bold-page-builder\/img\/blank.gif\" data-image_src=\"https:\/\/cutemoments.eu\/wp-content\/uploads\/2023\/12\/maza-cilts.jpg\" title=\"maza-cilts\" alt=\"https:\/\/cutemoments.eu\/wp-content\/uploads\/2023\/12\/maza-cilts.jpg\" class=\"btLazyLoadImage\"><\/span><\/div><div data-bb-version=\"4.7.2\"  class=\"bt_bb_text\" ><\/p>\n<p style=\"text-align: left;\"><strong>MAZ\u0100 CILTS<br \/>\n<\/strong><\/p>\n<p style=\"text-align: left;\"><span class=\"text-uppercase small\">T\u0113rbatas iela 59\/61, R\u012bga <\/span><\/p>\n<p style=\"text-align: left;\">T. +371 28 187 272<\/p>\n<p>\n<\/div><div class=\"bt_bb_separator bt_bb_border_style_none bt_bb_bottom_spacing_medium\" data-bt-override-class=\"null\"><\/div><\/div><\/div><\/div><div  class=\"bt_bb_column col-xxl-4 col-xl-4 col-xs-12 col-sm-12 col-md-12 col-lg-4 bt_bb_vertical_align_top bt_bb_align_left bt_bb_padding_normal bt_bb_shape_inherit\" style=\"; --column-width:4;\" data-width=\"4\" data-bt-override-class=\"{}\"><div class=\"bt_bb_column_content\"><div class=\"bt_bb_column_content_inner\"><div data-bb-version=\"4.7.2\" class=\"bt_bb_image bt_bb_shape_square bt_bb_align_inherit bt_bb_hover_style_simple bt_bb_content_display_always bt_bb_content_align_middle\" data-bt-override-class=\"{&quot;bt_bb_align_&quot;:{&quot;current_class&quot;:&quot;bt_bb_align_inherit&quot;,&quot;def&quot;:&quot;inherit&quot;}}\"><span><img src = \"https:\/\/cutemoments.eu\/wp-content\/plugins\/bold-page-builder\/img\/blank.gif\" data-image_src=\"https:\/\/cutemoments.eu\/wp-content\/uploads\/2023\/12\/latvijas-perles.png\" title=\"latvijas-perles\" alt=\"https:\/\/cutemoments.eu\/wp-content\/uploads\/2023\/12\/latvijas-perles.png\" class=\"btLazyLoadImage\"><\/span><\/div><div data-bb-version=\"4.7.2\"  class=\"bt_bb_text\" ><\/p>\n<p style=\"text-align: left;\"><strong>LATVIJAS P\u0112RLES<br \/>\n<\/strong><\/p>\n<ul>\n<li style=\"text-align: right;\">T\/C &#8222;Aleja&#8220;, Vien\u012bbas gatve 194A, Riga, T. +371 25 159 917<\/li>\n<li class=\"porto-sicon-title\" style=\"text-align: right;\">T\/C &#8222;Olimpia&#8220;, \u0100zenes iela 5, Bezirk Kurzeme, Riga, T. +371 24 554 544<\/li>\n<\/ul>\n<div class=\"porto-sicon-default\">\n<div class=\"porto-just-icon-wrapper porto-icon circle\">\n<ul>\n<li class=\"porto-sicon-title\" style=\"text-align: right;\">T\/C &#8222;\u0160okol\u0101de&#8220; Str\u0113lnieku iela 2, Sigulda, T. +371 25 754 999<\/li>\n<li class=\"porto-sicon-title\" style=\"text-align: right;\">T\/C &#8222;Apels\u012bns&#8220;, R\u012bgas gatve 5, \u0100da\u017ei, \u0100da\u017eu novads, T. +371 25 676 144<\/li>\n<li style=\"text-align: right;\">T\/C &#8222;Liiba&#8220;, R\u012bgas iela 22a, Kekava, Region Kekava, T. +371 27 779 960<\/li>\n<li style=\"text-align: right;\">T\/C &#8222;Presti\u017es&#8220;, Mednieku 21-23, Ogre, Ogres novads, T. +371 25 658 111<\/li>\n<li style=\"text-align: right;\">T\/C Dauga, R\u012bgas iela 23, Ogre, Ogres novads, T. +371 23 272 333\n<div class=\"porto-just-icon-wrapper porto-icon circle\">\n<div class=\"porto-sicon-default\">\n<div class=\"porto-just-icon-wrapper porto-icon circle\"><\/div>\n<\/div>\n<\/div>\n<\/li>\n<\/ul>\n<\/div>\n<\/div>\n<p>\n<\/div><div class=\"bt_bb_separator bt_bb_border_style_none bt_bb_bottom_spacing_medium\" data-bt-override-class=\"null\"><\/div><\/div><\/div><\/div><\/div><\/div><\/div><\/div><\/div><\/section><\/p>\n","protected":false},"excerpt":{"rendered":"","protected":false},"author":1,"featured_media":0,"parent":0,"menu_order":0,"comment_status":"closed","ping_status":"closed","template":"","meta":{"footnotes":""},"class_list":["post-4452","page","type-page","status-publish","hentry"],"yoast_head":"<!-- This site is optimized with the Yoast SEO plugin v25.5 - https:\/\/yoast.com\/wordpress\/plugins\/seo\/ -->\n<title>Wo kann man es in Gesch\u00e4ften kaufen -<\/title>\n<meta name=\"robots\" content=\"index, follow, max-snippet:-1, max-image-preview:large, max-video-preview:-1\" \/>\n<link rel=\"canonical\" href=\"https:\/\/cutemoments.eu\/de\/wo-kann-man-es-in-geschaeften-kaufen\/\" \/>\n<meta property=\"og:locale\" content=\"de_DE\" \/>\n<meta property=\"og:type\" content=\"article\" \/>\n<meta property=\"og:title\" content=\"Wo kann man es in Gesch\u00e4ften kaufen -\" \/>\n<meta property=\"og:url\" content=\"https:\/\/cutemoments.eu\/de\/wo-kann-man-es-in-geschaeften-kaufen\/\" \/>\n<meta property=\"article:modified_time\" content=\"2024-04-16T18:56:11+00:00\" \/>\n<meta name=\"twitter:card\" content=\"summary_large_image\" \/>\n<meta name=\"twitter:label1\" content=\"Gesch\u00e4tzte Lesezeit\" \/>\n\t<meta name=\"twitter:data1\" content=\"4\u00a0Minuten\" \/>\n<script type=\"application\/ld+json\" class=\"yoast-schema-graph\">{\"@context\":\"https:\/\/schema.org\",\"@graph\":[{\"@type\":\"WebPage\",\"@id\":\"https:\/\/cutemoments.eu\/de\/wo-kann-man-es-in-geschaeften-kaufen\/\",\"url\":\"https:\/\/cutemoments.eu\/de\/wo-kann-man-es-in-geschaeften-kaufen\/\",\"name\":\"Wo kann man es in Gesch\u00e4ften kaufen -\",\"isPartOf\":{\"@id\":\"https:\/\/cutemoments.eu\/de\/#website\"},\"datePublished\":\"2023-12-11T08:48:52+00:00\",\"dateModified\":\"2024-04-16T18:56:11+00:00\",\"breadcrumb\":{\"@id\":\"https:\/\/cutemoments.eu\/de\/wo-kann-man-es-in-geschaeften-kaufen\/#breadcrumb\"},\"inLanguage\":\"de\",\"potentialAction\":[{\"@type\":\"ReadAction\",\"target\":[\"https:\/\/cutemoments.eu\/de\/wo-kann-man-es-in-geschaeften-kaufen\/\"]}]},{\"@type\":\"BreadcrumbList\",\"@id\":\"https:\/\/cutemoments.eu\/de\/wo-kann-man-es-in-geschaeften-kaufen\/#breadcrumb\",\"itemListElement\":[{\"@type\":\"ListItem\",\"position\":1,\"name\":\"Home\",\"item\":\"https:\/\/cutemoments.eu\/de\/\"},{\"@type\":\"ListItem\",\"position\":2,\"name\":\"Wo kann man es in Gesch\u00e4ften kaufen\"}]},{\"@type\":\"WebSite\",\"@id\":\"https:\/\/cutemoments.eu\/de\/#website\",\"url\":\"https:\/\/cutemoments.eu\/de\/\",\"name\":\"\",\"description\":\"Spilvenu Sarunas\",\"potentialAction\":[{\"@type\":\"SearchAction\",\"target\":{\"@type\":\"EntryPoint\",\"urlTemplate\":\"https:\/\/cutemoments.eu\/de\/?s={search_term_string}\"},\"query-input\":{\"@type\":\"PropertyValueSpecification\",\"valueRequired\":true,\"valueName\":\"search_term_string\"}}],\"inLanguage\":\"de\"}]}<\/script>\n<!-- \/ Yoast SEO plugin. -->","yoast_head_json":{"title":"Wo kann man es in Gesch\u00e4ften kaufen -","robots":{"index":"index","follow":"follow","max-snippet":"max-snippet:-1","max-image-preview":"max-image-preview:large","max-video-preview":"max-video-preview:-1"},"canonical":"https:\/\/cutemoments.eu\/de\/wo-kann-man-es-in-geschaeften-kaufen\/","og_locale":"de_DE","og_type":"article","og_title":"Wo kann man es in Gesch\u00e4ften kaufen -","og_url":"https:\/\/cutemoments.eu\/de\/wo-kann-man-es-in-geschaeften-kaufen\/","article_modified_time":"2024-04-16T18:56:11+00:00","twitter_card":"summary_large_image","twitter_misc":{"Gesch\u00e4tzte Lesezeit":"4\u00a0Minuten"},"schema":{"@context":"https:\/\/schema.org","@graph":[{"@type":"WebPage","@id":"https:\/\/cutemoments.eu\/de\/wo-kann-man-es-in-geschaeften-kaufen\/","url":"https:\/\/cutemoments.eu\/de\/wo-kann-man-es-in-geschaeften-kaufen\/","name":"Wo kann man es in Gesch\u00e4ften kaufen -","isPartOf":{"@id":"https:\/\/cutemoments.eu\/de\/#website"},"datePublished":"2023-12-11T08:48:52+00:00","dateModified":"2024-04-16T18:56:11+00:00","breadcrumb":{"@id":"https:\/\/cutemoments.eu\/de\/wo-kann-man-es-in-geschaeften-kaufen\/#breadcrumb"},"inLanguage":"de","potentialAction":[{"@type":"ReadAction","target":["https:\/\/cutemoments.eu\/de\/wo-kann-man-es-in-geschaeften-kaufen\/"]}]},{"@type":"BreadcrumbList","@id":"https:\/\/cutemoments.eu\/de\/wo-kann-man-es-in-geschaeften-kaufen\/#breadcrumb","itemListElement":[{"@type":"ListItem","position":1,"name":"Home","item":"https:\/\/cutemoments.eu\/de\/"},{"@type":"ListItem","position":2,"name":"Wo kann man es in Gesch\u00e4ften kaufen"}]},{"@type":"WebSite","@id":"https:\/\/cutemoments.eu\/de\/#website","url":"https:\/\/cutemoments.eu\/de\/","name":"","description":"Spilvenu Sarunas","potentialAction":[{"@type":"SearchAction","target":{"@type":"EntryPoint","urlTemplate":"https:\/\/cutemoments.eu\/de\/?s={search_term_string}"},"query-input":{"@type":"PropertyValueSpecification","valueRequired":true,"valueName":"search_term_string"}}],"inLanguage":"de"}]}},"_links":{"self":[{"href":"https:\/\/cutemoments.eu\/de\/wp-json\/wp\/v2\/pages\/4452","targetHints":{"allow":["GET"]}}],"collection":[{"href":"https:\/\/cutemoments.eu\/de\/wp-json\/wp\/v2\/pages"}],"about":[{"href":"https:\/\/cutemoments.eu\/de\/wp-json\/wp\/v2\/types\/page"}],"author":[{"embeddable":true,"href":"https:\/\/cutemoments.eu\/de\/wp-json\/wp\/v2\/users\/1"}],"replies":[{"embeddable":true,"href":"https:\/\/cutemoments.eu\/de\/wp-json\/wp\/v2\/comments?post=4452"}],"version-history":[{"count":5,"href":"https:\/\/cutemoments.eu\/de\/wp-json\/wp\/v2\/pages\/4452\/revisions"}],"predecessor-version":[{"id":4457,"href":"https:\/\/cutemoments.eu\/de\/wp-json\/wp\/v2\/pages\/4452\/revisions\/4457"}],"wp:attachment":[{"href":"https:\/\/cutemoments.eu\/de\/wp-json\/wp\/v2\/media?parent=4452"}],"curies":[{"name":"wp","href":"https:\/\/api.w.org\/{rel}","templated":true}]}}