{"id":4428,"date":"2023-09-26T12:13:02","date_gmt":"2023-09-26T12:13:02","guid":{"rendered":"https:\/\/cutemoments.eu\/fernabsatzvertrag\/"},"modified":"2024-09-30T09:41:50","modified_gmt":"2024-09-30T09:41:50","slug":"fernabsatzvertrag","status":"publish","type":"page","link":"https:\/\/cutemoments.eu\/de\/fernabsatzvertrag\/","title":{"rendered":"Regeln zum Einkaufen"},"content":{"rendered":"\r\n<h4 class=\"wp-block-heading\">\u00a0<\/h4>\r\n<h4>\u00a0<\/h4>\r\n<h4>\u00a0<\/h4>\r\n<h4 style=\"text-align: center;\"><strong>ALLGEMEINE GESCH\u00c4FTSBEDINGUNGEN F\u00dcR DEN EINKAUF<\/strong><\/h4>\r\n<p>&nbsp;<\/p>\r\n<p>Dies sind die Allgemeinen Gesch\u00e4ftsbedingungen (&#8222;AGB&#8220;) f\u00fcr den Einkauf im Cutemoments Online-Shop <a href=\"http:\/\/cutemoments.eu\">http:\/\/cutemoments.eu<\/a> (\u201eOnline-Shop\u201c). Bitte lesen Sie diese sorgf\u00e4ltig durch, bevor Sie einen Kauf t\u00e4tigen, da sie unser Verh\u00e4ltnis zueinander regeln und nach dem Kauf f\u00fcr beide Parteien rechtlich bindend sind, wie ein Kaufvertrag.<\/p>\r\n<p>Durch den Kauf im Online-Shop akzeptieren Sie diese AGB.<\/p>\r\n<ol>\r\n<li><strong>ALLGEMEINE BESTIMMUNGEN<\/strong><br \/>1.1. In \u00dcbereinstimmung mit diesen AGB verkauft der Verk\u00e4ufer &#8211; SIA Cutemoments, Registrierungsnummer: 40203465433, Adresse: Salnas iela 20-32, Riga, LV-1010 (&#8222;Verk\u00e4ufer&#8220;, &#8222;Wir&#8220;) und der K\u00e4ufer &#8211; nat\u00fcrliche oder juristische Person kauft die angebotenen Produkte (&#8222;K\u00e4ufer&#8220;, &#8222;Sie&#8220;).<br \/>1.2. F\u00fcr die Zwecke dieser AGB gilt der K\u00e4ufer als jede nat\u00fcrliche Person, die das 18. Lebensjahr vollendet hat, die gesch\u00e4ftsf\u00e4hig ist und Produkte f\u00fcr den pers\u00f6nlichen Bedarf kauft, der nicht mit der wirtschaftlichen oder beruflichen T\u00e4tigkeit des K\u00e4ufers zusammenh\u00e4ngt. In diesem Fall gilt der K\u00e4ufer als Verbraucher (&#8222;K\u00e4ufer-Verbraucher&#8220;).<br \/>1.3. Ist der K\u00e4ufer eine juristische Person, so gilt er nicht als Verbraucher und die Bestimmungen in Abschnitt 5 dieser AGB \u00fcber das Widerrufsrecht finden keine Anwendung.<\/li>\r\n<li><strong>DER KAUFPROZESS DER PRODUKTE<\/strong><br \/>2.1. Der Kunde kauft die Produkte, indem er das gew\u00fcnschte Produkt im Online-Shop ausw\u00e4hlt und in den Warenkorb legt.<br \/>2.2. Sobald das Produkt in den Warenkorb gelegt wurde, kann der Kunde \u00c4nderungen am Warenkorb vornehmen, indem er die ausgew\u00e4hlten Produkte \u00e4ndert, die Menge anpasst oder sie aus dem Warenkorb l\u00f6scht. In diesem Abschnitt hat der K\u00e4ufer auch Zugriff auf eine Zusammenfassung des geplanten Warenkorbs, die den Gesamtpreis und die Versandkosten aller ausgew\u00e4hlten Artikel basierend auf der vom K\u00e4ufer angegebenen Lieferadresse anzeigt.<br \/>2.3. Der K\u00e4ufer best\u00e4tigt seine Auswahl, indem er auf die Schaltfl\u00e4che &#8222;Zur Kasse&#8220; klickt. Der n\u00e4chste Abschnitt wird ge\u00f6ffnet, in dem der Name, Vorname, Telefonnummer, E-Mail-Adresse und die Lieferadresse des Empf\u00e4ngers der Produkte sowie die Zahlungsdetails der Kreditkarte eingegeben werden m\u00fcssen.<br \/>2.4. Sobald der K\u00e4ufer alle erforderlichen Informationen f\u00fcr den Kauf eingegeben hat, die Bestell\u00fcbersicht \u00fcberpr\u00fcft und die AGB akzeptiert hat, klickt der K\u00e4ufer auf die Schaltfl\u00e4che \u201eBestellung aufgeben\u201c. Zu diesem Zeitpunkt gilt der Kaufvertrag zwischen dem Verk\u00e4ufer und dem K\u00e4ufer als abgeschlossen und ist f\u00fcr beide Parteien bindend, bis die Verpflichtungen vollst\u00e4ndig erf\u00fcllt sind.<br \/>2.5. Als Best\u00e4tigung des Empfangs der Bestellung und des Abschlusses des Kaufvertrags sendet der Verk\u00e4ufer eine Best\u00e4tigungs-E-Mail an die vom K\u00e4ufer angegebene E-Mail-Adresse, die eine Zusammenfassung der get\u00e4tigten Bestellung enth\u00e4lt.<\/li>\r\n<li><strong>KAUFPREIS UND ZAHLUNGSVERFAHREN<\/strong><br \/>3.1. Der Preis der im Online-Shop gelisteten Produkte wird in Euro (EUR) angegeben und umfasst die Mehrwertsteuer (MwSt.). Der Preis der Produkte im Online-Shop kann von dem Preis in physischen Gesch\u00e4ften abweichen.<br \/>3.2. Zus\u00e4tzlich zum Kaufpreis zahlt der K\u00e4ufer eine Versandgeb\u00fchr, die von der vom K\u00e4ufer angegebenen Lieferadresse abh\u00e4ngt. Die spezifische Versandgeb\u00fchr wird in der Bestell\u00fcbersicht angezeigt, und der K\u00e4ufer hat die M\u00f6glichkeit, sie vor Abschluss der Bestellung zu \u00fcberpr\u00fcfen.<br \/>3.3. Der Gesamtbetrag der Bestellung, der den Inhalt des Warenkorbs und die Versandgeb\u00fchr umfasst, wird in der Bestell\u00fcbersicht vor Abschluss der Bestellung angegeben. Dieser Gesamtbetrag enth\u00e4lt die Mehrwertsteuer.<br \/>3.4. Der Verk\u00e4ufer kann gelegentlich Aktionen, Rabattcodes und andere Angebote anbieten, die den Preis der Produkte oder die Versandkosten reduzieren. Solche Angebote sind nur f\u00fcr den in Bezug auf dieses Angebot angegebenen Zeitraum g\u00fcltig, und diese Informationen werden am Produkt angezeigt. Das Produkt wird dem Kunden zum im Online-Shop zum Zeitpunkt der Bestellung g\u00fcltigen Preis verkauft.<br \/>3.5. Der K\u00e4ufer kann die Bestellung mit den im Online-Shop angebotenen Zahlungsmethoden oder durch Zahlung einer vom Verk\u00e4ufer ausgestellten Rechnung bezahlen. Wenn der K\u00e4ufer die Bestellung durch Zahlung der Rechnung des Verk\u00e4ufers bezahlen m\u00f6chte, muss er den Verk\u00e4ufer unter der Adresse cutemoments@cutemoments.eu kontaktieren, bevor er die Bestellung aufgibt.<\/li>\r\n<li><strong>LIEFERUNG DER PRODUKTE<\/strong><br \/>4.1. Der Verk\u00e4ufer liefert die Produkte an die vom K\u00e4ufer angegebene Adresse und \u00fcbergibt die Bestellung dem Lieferdienstleister innerhalb von 2 Arbeitstagen nach Abschluss und Bezahlung der Bestellung.<br \/>4.2. Die Lieferzeit und die Kosten h\u00e4ngen von der vom K\u00e4ufer angegebenen Lieferadresse ab. Ungef\u00e4hre Lieferzeiten und Kosten finden Sie hier.<br \/>4.3. Die Lieferung erfolgt durch den DPD-Kurierdienst, und die Bestellung gilt als erhalten, sobald eine Lieferbest\u00e4tigung von DPD vorliegt.<br \/>4.4. Der K\u00e4ufer ist verpflichtet, genaue Lieferdetails anzugeben und den Verk\u00e4ufer zu informieren, falls der K\u00e4ufer einen Fehler in der Lieferadresse oder den Kontaktdaten entdeckt. Der Verk\u00e4ufer haftet nicht f\u00fcr Verluste, die dem K\u00e4ufer entstehen, wenn der K\u00e4ufer eine falsche Lieferadresse oder Empf\u00e4ngerdaten angegeben hat.<\/li>\r\n<li><strong>WIDERRUFSRECHT<\/strong><br \/>Mitteilung \u00fcber den Widerruf<br \/>5.1. Der K\u00e4ufer-Verbraucher (siehe Abschnitt 1.2), der die Produkte in unserem Online-Shop gekauft hat, kann innerhalb von 14 Kalendertagen ab dem Zeitpunkt des Erhalts der Produkte vom Kauf und dem geschlossenen Kaufvertrag zur\u00fccktreten.<br \/>5.2. Der K\u00e4ufer kann dieses Widerrufsrecht aus\u00fcben, ohne den Grund f\u00fcr den Widerruf der gekauften Produkte anzugeben.<br \/>5.3. Um von den Produkten zur\u00fcckzutreten, muss der K\u00e4ufer den Verk\u00e4ufer benachrichtigen, indem er das im Anhang beigef\u00fcgte Widerrufsformular ausf\u00fcllt und an die folgende E-Mail-Adresse sendet: cutemoments@cutemoments.eu. Der K\u00e4ufer kann auch auf das Formular verzichten und den Widerruf der Produkte in freier Form mitteilen, indem er eine Mitteilung an die oben genannte Adresse des Verk\u00e4ufers sendet und die Frist von 14 Kalendertagen einh\u00e4lt.<br \/>5.4. Der Verk\u00e4ufer sendet dem K\u00e4ufer unverz\u00fcglich, sp\u00e4testens jedoch innerhalb von 1 Arbeitstag, eine Empfangsbest\u00e4tigung des Widerrufs.<\/li>\r\n<\/ol>\r\n<p>R\u00fccksendung der Produkte an den Verk\u00e4ufer<br \/>5.5. Der K\u00e4ufer ist verpflichtet, die erhaltenen Produkte sp\u00e4testens innerhalb von 14 Kalendertagen ab dem Datum des Versands der Widerrufserkl\u00e4rung an den Verk\u00e4ufer zur\u00fcckzusenden. Der K\u00e4ufer tr\u00e4gt die R\u00fccksendekosten.<br \/>5.6. Der Verk\u00e4ufer erstattet dem K\u00e4ufer den Kaufpreis sp\u00e4testens 14 Kalendertage nach Erhalt der Widerrufserkl\u00e4rung, sofern die Produkte an den Verk\u00e4ufer zur\u00fcckgesendet wurden und den R\u00fcckgabebedingungen entsprechen.<br \/>5.7. Die R\u00fcckerstattung erfolgt mit demselben Zahlungsmittel, das der K\u00e4ufer zur Zahlung der Produkte verwendet hat, es sei denn, der K\u00e4ufer und der Verk\u00e4ufer vereinbaren eine andere R\u00fcckerstattungsmethode.<\/p>\r\n<p>Bedingungen f\u00fcr die Aus\u00fcbung des Widerrufsrechts<br \/>5.8. Das Widerrufsrecht ist unter folgenden Bedingungen g\u00fcltig:<br \/>a) die zur\u00fcckgesendeten Produkte befinden sich in ihrer Originalverpackung;<br \/>b) die Produkte sind unbesch\u00e4digt und nicht sichtbar verwendet (das bedeutet, dass die Produkte so aussehen m\u00fcssen wie beim Verkauf; der K\u00e4ufer hat das Recht, die Produkte zu inspizieren, jedoch nur in dem Umfang, wie es auch in einem physischen Gesch\u00e4ft vor dem Kauf m\u00f6glich w\u00e4re);<br \/>c) die zur\u00fcckgesendeten Produkte befinden sich im gleichen Zustand, wie sie vom K\u00e4ufer erhalten wurden.<\/p>\r\n<p><strong>6. RECHTE DES VERBRAUCHERS, WENN DIE GEKAUFTEN PRODUKTE NICHT DEN VERTRAGSBEDINGUNGEN ENTSPRECHEN<\/strong><br \/>6.1. Die Produkte gelten als vertragsgem\u00e4\u00df, wenn sie:<br \/>a) der im Online-Shop des Verk\u00e4ufers angegebenen Beschreibung, Menge und Qualit\u00e4t entsprechen;<br \/>b) f\u00fcr den vom Verk\u00e4ufer im Online-Shop beschriebenen Zweck geeignet sind \u2013 ein interaktives Gespr\u00e4chsspiel f\u00fcr Kinder und Eltern;<br \/>c) in der im Online-Shop angegebenen Verpackung und mit dem gesamten angegebenen Zubeh\u00f6r geliefert werden (82 Karten, UV-Taschenlampe, USB-Type-C-Ladekabel zum Aufladen der Taschenlampe).<\/p>\r\n<p>6.2. Stellt der K\u00e4ufer fest, dass die im Online-Shop gekauften Produkte nicht den in Abschnitt 6.1. genannten Bedingungen entsprechen, hat der K\u00e4ufer das Recht, die Nicht\u00fcbereinstimmung innerhalb von 2 (zwei) Jahren ab dem Datum des Erhalts der Produkte dem Verk\u00e4ufer zu melden.<br \/>6.3. Eine solche Mitteilung ist innerhalb von 2 Monaten nach der Feststellung der Nicht\u00fcbereinstimmung durch den Verbraucher einzureichen.<br \/>6.4. Bei Feststellung der Nicht\u00fcbereinstimmung der Produkte hat der Verbraucher das Recht, vom Verk\u00e4ufer die Beseitigung der Nicht\u00fcbereinstimmung oder den kostenlosen Austausch der Produkte (einschlie\u00dflich Lieferkosten) innerhalb einer angemessenen Frist zu verlangen. Der Verbraucher ist verpflichtet, die Produkte dem Verk\u00e4ufer zur Behebung oder zum Austausch zu \u00fcbergeben.<br \/>6.5. Der Verbraucher ist berechtigt, eine Preisminderung oder die K\u00fcndigung des Kaufvertrags und eine R\u00fcckerstattung zu verlangen, wenn der Verk\u00e4ufer:<br \/>a) die festgestellte Nicht\u00fcbereinstimmung der Produkte nicht innerhalb einer angemessenen Zeit behoben hat;<br \/>b) die Produkte nicht zur Behebung der Nicht\u00fcbereinstimmung geliefert hat oder die Kosten daf\u00fcr nicht \u00fcbernommen hat;<br \/>c) die Beseitigung der Nicht\u00fcbereinstimmung verweigert hat;<br \/>d) erkl\u00e4rt hat, dass er die Nicht\u00fcbereinstimmung nicht innerhalb einer angemessenen Zeit oder ohne erhebliche Unannehmlichkeiten beheben oder die Produkte austauschen wird, oder dies aus den tats\u00e4chlichen Umst\u00e4nden ersichtlich ist.<br \/>6.6. Wenn die festgestellte Nicht\u00fcbereinstimmung der Produkte geringf\u00fcgig ist, kann der Verbraucher keine R\u00fcckerstattung verlangen.<\/p>\r\n<p><strong>7. KOMMUNIKATION<\/strong><br \/>7.1. Der K\u00e4ufer kann den Verk\u00e4ufer unter folgenden Kontaktdaten erreichen:<br \/>E-Mail-Adresse: <a rel=\"noopener\">cutemoments@cutemoments.eu<\/a><br \/>Telefonnummer:<br \/>Postanschrift: Salnas iela 20-32, Riga, LV-1021<\/p>\r\n<p><strong>8. ANWENDBARES RECHT UND STREITBEILEGUNG<\/strong><br \/>8.1. Diese Allgemeinen Gesch\u00e4ftsbedingungen unterliegen den Gesetzen und Vorschriften der Republik Lettland.<br \/>8.2. Alle Streitigkeiten zwischen dem K\u00e4ufer und dem Verk\u00e4ufer im Zusammenhang mit diesen Bedingungen werden durch Verhandlungen beigelegt. Wenn die Parteien jedoch innerhalb von 15 Tagen keine Einigung erzielen k\u00f6nnen, werden die Streitigkeiten gem\u00e4\u00df den Gesetzen der Republik Lettland geregelt.<br \/>8.3. Der K\u00e4ufer-Verbraucher kann Anfragen und\/oder Beschwerden in Bezug auf die im Online-Shop gekauften Produkte an das Zentrum f\u00fcr den Schutz der Verbraucherrechte (Br\u012bv\u012bbas iela 55, Riga, Lettland, LV-1010, Tel. +371 654 525 54, E-Mail: <a rel=\"noopener\">pasts@ptac.gov.lv<\/a>, <a href=\"http:\/\/www.ptac.gov.lv\" target=\"_new\" rel=\"noopener\">www.ptac.gov.lv<\/a>) richten.<\/p>\r\n<p><strong>9. SCHLUSSBESTIMMUNGEN<\/strong><br \/>9.1. Der Verk\u00e4ufer kann diese Allgemeinen Gesch\u00e4ftsbedingungen einseitig \u00e4ndern und erg\u00e4nzen. \u00c4nderungen werden im Online-Shop ver\u00f6ffentlicht. Der K\u00e4ufer ist an die zum Zeitpunkt der Bestellung im Online-Shop geltende Version der AGB gebunden.<br \/>9.2. Die personenbezogenen Daten, die der K\u00e4ufer dem Verk\u00e4ufer im Rahmen des Kaufprozesses zur Verf\u00fcgung stellt, werden gem\u00e4\u00df den geltenden Datenschutzbestimmungen verarbeitet. F\u00fcr die Grunds\u00e4tze der Verarbeitung personenbezogener Daten durch den Verk\u00e4ufer lesen Sie bitte die Datenschutzrichtlinie.<\/p>\r\n<p>&nbsp;<\/p>\r\n<p>&nbsp;<\/p>\r\n","protected":false},"excerpt":{"rendered":"<p>\u00a0 \u00a0 \u00a0 ALLGEMEINE GESCH\u00c4FTSBEDINGUNGEN F\u00dcR DEN EINKAUF &nbsp; Dies sind die Allgemeinen Gesch\u00e4ftsbedingungen (&#8222;AGB&#8220;) f\u00fcr den Einkauf im Cutemoments Online-Shop http:\/\/cutemoments.eu (\u201eOnline-Shop\u201c). Bitte lesen Sie diese sorgf\u00e4ltig durch, bevor Sie einen Kauf t\u00e4tigen, da sie unser Verh\u00e4ltnis zueinander regeln und nach dem Kauf f\u00fcr beide Parteien rechtlich bindend sind, wie ein Kaufvertrag. Durch den&#8230;<\/p>\n","protected":false},"author":1,"featured_media":0,"parent":0,"menu_order":0,"comment_status":"closed","ping_status":"open","template":"","meta":{"footnotes":""},"class_list":["post-4428","page","type-page","status-publish","hentry"],"yoast_head":"<!-- This site is optimized with the Yoast SEO plugin v25.5 - https:\/\/yoast.com\/wordpress\/plugins\/seo\/ -->\n<title>Regeln zum Einkaufen -<\/title>\n<meta name=\"robots\" content=\"index, follow, max-snippet:-1, max-image-preview:large, max-video-preview:-1\" \/>\n<link rel=\"canonical\" href=\"https:\/\/cutemoments.eu\/de\/fernabsatzvertrag\/\" \/>\n<meta property=\"og:locale\" content=\"de_DE\" \/>\n<meta property=\"og:type\" content=\"article\" \/>\n<meta property=\"og:title\" content=\"Regeln zum Einkaufen -\" \/>\n<meta property=\"og:description\" content=\"\u00a0 \u00a0 \u00a0 ALLGEMEINE GESCH\u00c4FTSBEDINGUNGEN F\u00dcR DEN EINKAUF &nbsp; Dies sind die Allgemeinen Gesch\u00e4ftsbedingungen (&#8222;AGB&#8220;) f\u00fcr den Einkauf im Cutemoments Online-Shop http:\/\/cutemoments.eu (\u201eOnline-Shop\u201c). Bitte lesen Sie diese sorgf\u00e4ltig durch, bevor Sie einen Kauf t\u00e4tigen, da sie unser Verh\u00e4ltnis zueinander regeln und nach dem Kauf f\u00fcr beide Parteien rechtlich bindend sind, wie ein Kaufvertrag. Durch den...\" \/>\n<meta property=\"og:url\" content=\"https:\/\/cutemoments.eu\/de\/fernabsatzvertrag\/\" \/>\n<meta property=\"article:modified_time\" content=\"2024-09-30T09:41:50+00:00\" \/>\n<meta name=\"twitter:card\" content=\"summary_large_image\" \/>\n<meta name=\"twitter:label1\" content=\"Gesch\u00e4tzte Lesezeit\" \/>\n\t<meta name=\"twitter:data1\" content=\"8\u00a0Minuten\" \/>\n<script type=\"application\/ld+json\" class=\"yoast-schema-graph\">{\"@context\":\"https:\/\/schema.org\",\"@graph\":[{\"@type\":\"WebPage\",\"@id\":\"https:\/\/cutemoments.eu\/de\/fernabsatzvertrag\/\",\"url\":\"https:\/\/cutemoments.eu\/de\/fernabsatzvertrag\/\",\"name\":\"Regeln zum Einkaufen -\",\"isPartOf\":{\"@id\":\"https:\/\/cutemoments.eu\/de\/#website\"},\"datePublished\":\"2023-09-26T12:13:02+00:00\",\"dateModified\":\"2024-09-30T09:41:50+00:00\",\"breadcrumb\":{\"@id\":\"https:\/\/cutemoments.eu\/de\/fernabsatzvertrag\/#breadcrumb\"},\"inLanguage\":\"de\",\"potentialAction\":[{\"@type\":\"ReadAction\",\"target\":[\"https:\/\/cutemoments.eu\/de\/fernabsatzvertrag\/\"]}]},{\"@type\":\"BreadcrumbList\",\"@id\":\"https:\/\/cutemoments.eu\/de\/fernabsatzvertrag\/#breadcrumb\",\"itemListElement\":[{\"@type\":\"ListItem\",\"position\":1,\"name\":\"Home\",\"item\":\"https:\/\/cutemoments.eu\/de\/\"},{\"@type\":\"ListItem\",\"position\":2,\"name\":\"Regeln zum Einkaufen\"}]},{\"@type\":\"WebSite\",\"@id\":\"https:\/\/cutemoments.eu\/de\/#website\",\"url\":\"https:\/\/cutemoments.eu\/de\/\",\"name\":\"\",\"description\":\"Spilvenu Sarunas\",\"potentialAction\":[{\"@type\":\"SearchAction\",\"target\":{\"@type\":\"EntryPoint\",\"urlTemplate\":\"https:\/\/cutemoments.eu\/de\/?s={search_term_string}\"},\"query-input\":{\"@type\":\"PropertyValueSpecification\",\"valueRequired\":true,\"valueName\":\"search_term_string\"}}],\"inLanguage\":\"de\"}]}<\/script>\n<!-- \/ Yoast SEO plugin. -->","yoast_head_json":{"title":"Regeln zum Einkaufen -","robots":{"index":"index","follow":"follow","max-snippet":"max-snippet:-1","max-image-preview":"max-image-preview:large","max-video-preview":"max-video-preview:-1"},"canonical":"https:\/\/cutemoments.eu\/de\/fernabsatzvertrag\/","og_locale":"de_DE","og_type":"article","og_title":"Regeln zum Einkaufen -","og_description":"\u00a0 \u00a0 \u00a0 ALLGEMEINE GESCH\u00c4FTSBEDINGUNGEN F\u00dcR DEN EINKAUF &nbsp; Dies sind die Allgemeinen Gesch\u00e4ftsbedingungen (&#8222;AGB&#8220;) f\u00fcr den Einkauf im Cutemoments Online-Shop http:\/\/cutemoments.eu (\u201eOnline-Shop\u201c). Bitte lesen Sie diese sorgf\u00e4ltig durch, bevor Sie einen Kauf t\u00e4tigen, da sie unser Verh\u00e4ltnis zueinander regeln und nach dem Kauf f\u00fcr beide Parteien rechtlich bindend sind, wie ein Kaufvertrag. Durch den...","og_url":"https:\/\/cutemoments.eu\/de\/fernabsatzvertrag\/","article_modified_time":"2024-09-30T09:41:50+00:00","twitter_card":"summary_large_image","twitter_misc":{"Gesch\u00e4tzte Lesezeit":"8\u00a0Minuten"},"schema":{"@context":"https:\/\/schema.org","@graph":[{"@type":"WebPage","@id":"https:\/\/cutemoments.eu\/de\/fernabsatzvertrag\/","url":"https:\/\/cutemoments.eu\/de\/fernabsatzvertrag\/","name":"Regeln zum Einkaufen -","isPartOf":{"@id":"https:\/\/cutemoments.eu\/de\/#website"},"datePublished":"2023-09-26T12:13:02+00:00","dateModified":"2024-09-30T09:41:50+00:00","breadcrumb":{"@id":"https:\/\/cutemoments.eu\/de\/fernabsatzvertrag\/#breadcrumb"},"inLanguage":"de","potentialAction":[{"@type":"ReadAction","target":["https:\/\/cutemoments.eu\/de\/fernabsatzvertrag\/"]}]},{"@type":"BreadcrumbList","@id":"https:\/\/cutemoments.eu\/de\/fernabsatzvertrag\/#breadcrumb","itemListElement":[{"@type":"ListItem","position":1,"name":"Home","item":"https:\/\/cutemoments.eu\/de\/"},{"@type":"ListItem","position":2,"name":"Regeln zum Einkaufen"}]},{"@type":"WebSite","@id":"https:\/\/cutemoments.eu\/de\/#website","url":"https:\/\/cutemoments.eu\/de\/","name":"","description":"Spilvenu Sarunas","potentialAction":[{"@type":"SearchAction","target":{"@type":"EntryPoint","urlTemplate":"https:\/\/cutemoments.eu\/de\/?s={search_term_string}"},"query-input":{"@type":"PropertyValueSpecification","valueRequired":true,"valueName":"search_term_string"}}],"inLanguage":"de"}]}},"_links":{"self":[{"href":"https:\/\/cutemoments.eu\/de\/wp-json\/wp\/v2\/pages\/4428","targetHints":{"allow":["GET"]}}],"collection":[{"href":"https:\/\/cutemoments.eu\/de\/wp-json\/wp\/v2\/pages"}],"about":[{"href":"https:\/\/cutemoments.eu\/de\/wp-json\/wp\/v2\/types\/page"}],"author":[{"embeddable":true,"href":"https:\/\/cutemoments.eu\/de\/wp-json\/wp\/v2\/users\/1"}],"replies":[{"embeddable":true,"href":"https:\/\/cutemoments.eu\/de\/wp-json\/wp\/v2\/comments?post=4428"}],"version-history":[{"count":14,"href":"https:\/\/cutemoments.eu\/de\/wp-json\/wp\/v2\/pages\/4428\/revisions"}],"predecessor-version":[{"id":4700,"href":"https:\/\/cutemoments.eu\/de\/wp-json\/wp\/v2\/pages\/4428\/revisions\/4700"}],"wp:attachment":[{"href":"https:\/\/cutemoments.eu\/de\/wp-json\/wp\/v2\/media?parent=4428"}],"curies":[{"name":"wp","href":"https:\/\/api.w.org\/{rel}","templated":true}]}}